{"id":5162,"date":"2025-12-19T22:07:06","date_gmt":"2025-12-19T22:07:06","guid":{"rendered":"https:\/\/gcwdev.wpenginepowered.com\/?page_id=5162"},"modified":"2026-01-14T23:01:24","modified_gmt":"2026-01-14T23:01:24","slug":"medien","status":"publish","type":"page","link":"https:\/\/grandcanyonwest.com\/de\/media\/","title":{"rendered":"Medien"},"content":{"rendered":"<div id=\"fws_69e212861b405\"  data-column-margin=\"none\" data-midnight=\"dark\"  class=\"wpb_row vc_row-fluid vc_row full-width-content vc_row-o-equal-height vc_row-flex vc_row-o-content-middle parallax_section reverse_columns_column_tablet top_padding_tablet_40px\" data-using-ctc=\"true\" style=\"padding-top: 48px; padding-bottom: 0px; color: #FFFAE5; \"><div class=\"row-bg-wrap\" data-bg-animation=\"none\" data-bg-animation-delay=\"\" data-bg-overlay=\"true\"><div class=\"inner-wrap row-bg-layer\" ><div class=\"row-bg viewport-desktop using-bg-color\" data-parallax-speed=\"medium_fast\" style=\"background-color: #110709; \"><\/div><\/div><div class=\"row-bg-overlay row-bg-layer\" style=\"background-color:#110709;  opacity: 0.5; \"><\/div><\/div><div class=\"row_col_wrap_12 col span_12 custom left\">\n\t<div  class=\"vc_col-sm-6 wpb_column column_container vc_column_container col left_padding_desktop_48px left_padding_tablet_32px top_padding_desktop_32px right_padding_desktop_48px right_padding_tablet_32px bottom_padding_desktop_32px\"  data-padding-pos=\"all\" data-has-bg-color=\"false\" data-bg-color=\"\" data-bg-opacity=\"1\" data-animation=\"\" data-delay=\"0\" >\n\t\t<div class=\"vc_column-inner\" >\n\t\t\t<div class=\"wpb_wrapper\">\n\t\t\t\t<div id=\"fws_69e212861b9c6\" data-midnight=\"\" data-column-margin=\"none\" class=\"wpb_row vc_row-fluid vc_row inner_row  translate_x_0px\"  style=\"\"><div class=\"row-bg-wrap\"> <div class=\"row-bg\" ><\/div> <\/div><div class=\"row_col_wrap_12_inner col span_12  left\">\n\t<div  class=\"vc_col-sm-12 wpb_column column_container vc_column_container col child_column no-extra-padding inherit_tablet inherit_phone\"   data-padding-pos=\"all\" data-has-bg-color=\"false\" data-bg-color=\"\" data-bg-opacity=\"1\" data-animation=\"\" data-delay=\"0\" >\n\t\t<div class=\"vc_column-inner\" >\n\t\t<div class=\"wpb_wrapper\">\n\t\t\t<div class=\"nectar-highlighted-text\" data-style=\"text_outline\" data-outline-thickness=\"extra_thick\" data-user-color=\"true\" style=\"color: #CE9334;\" data-using-custom-color=\"false\" data-animation-delay=\"false\" data-color=\"\" data-color-gradient=\"\"><h1>Medien\u00a0<em>Ressourcen<\/em><\/h1>\n<\/div><h6 style=\"color: #CE9334;text-align: left\" class=\"vc_custom_heading vc_do_custom_heading\" >Sind Sie ein Medienvertreter, der alles erkunden m\u00f6chte, was der Grand Canyon West zu bieten hat? Unser Team ist bereit, Sie bei Ihrem n\u00e4chsten Projekt zu unterst\u00fctzen.<\/h6><div class=\"divider-wrap\" style=\"opacity: 0.32;\" data-alignment=\"default\"><div style=\"margin-top: 12px; height: 1px; margin-bottom: 12px;\" data-width=\"100%\" data-animate=\"yes\" data-animation-delay=\"\" data-color=\"extra-color-1\" class=\"divider-border\"><\/div><\/div>\n<div class=\"wpb_text_column wpb_content_element\" >\n\t<div class=\"wpb_wrapper\">\n\t\t<p>Nur zwei Stunden von Las Vegas entfernt, am West Rim des Canyons gelegen, bietet Grand Canyon West einzigartige Erlebnisse, um eines der sieben Naturwunder der Welt zu Lande, zu Wasser und in der Luft zu erleben. Die Anlage befindet sich im Reservat der Hualapai-Indianer und ist im Besitz des Hualapai-Stammes und wird von diesem betrieben.<\/p>\n\t<\/div>\n<\/div>\n\n\n\n\n\t\t<\/div> \n\t<\/div>\n\t<\/div> \n<\/div><\/div>\n\t\t\t<\/div> \n\t\t<\/div>\n\t<\/div> \n\n\t<div style=\"\" class=\"vc_col-sm-6 wpb_column column_container vc_column_container col no-extra-padding inherit_tablet inherit_phone\" data-using-bg=\"true\" data-padding-pos=\"all\" data-has-bg-color=\"false\" data-bg-color=\"\" data-bg-opacity=\"1\" data-animation=\"\" data-delay=\"0\" >\n\t\t<div class=\"vc_column-inner\" ><div class=\"column-image-bg-wrap column-bg-layer viewport-desktop\" data-bg-pos=\"center top\" data-bg-animation=\"none\" data-bg-overlay=\"false\"><div class=\"inner-wrap\"><div class=\"column-image-bg\" style=\" background-image: url('https:\/\/grandcanyonwest.com\/wp-content\/uploads\/2025\/12\/Hualapai-Tribe-Grand-Canyon-West8.jpg'); \"><\/div><\/div><\/div>\n\t\t\t<div class=\"wpb_wrapper\">\n\t\t\t\t<div class=\"divider-wrap height_tablet_320px\" data-alignment=\"default\"><div style=\"height: 540px;\" class=\"divider\"><\/div><\/div>\n\t\t\t<\/div> \n\t\t<\/div>\n\t<\/div> \n<\/div><\/div>\n\t\t<div id=\"tour-operators\"  data-column-margin=\"default\" data-midnight=\"dark\"  class=\"wpb_row vc_row-fluid vc_row full-width-section parallax_section\"  style=\"padding-top: 56px; padding-bottom: 0px; \"><div class=\"row-bg-wrap\" data-bg-animation=\"none\" data-bg-animation-delay=\"\" data-bg-overlay=\"true\"><div class=\"inner-wrap row-bg-layer\" ><div class=\"row-bg viewport-desktop\" data-parallax-speed=\"medium_fast\" style=\"\"><\/div><\/div><div class=\"row-bg-overlay row-bg-layer\" style=\"background-color:transparent;  opacity: 1; \"><\/div><\/div><div class=\"row_col_wrap_12 col span_12 dark left\">\n\t<div  class=\"vc_col-sm-12 wpb_column column_container vc_column_container col no-extra-padding inherit_tablet inherit_phone\"  data-padding-pos=\"all\" data-has-bg-color=\"false\" data-bg-color=\"\" data-bg-opacity=\"1\" data-animation=\"\" data-delay=\"0\" >\n\t\t<div class=\"vc_column-inner\" >\n\t\t\t<div class=\"wpb_wrapper\">\n\t\t\t\t\n<div class=\"wpb_text_column wpb_content_element\" >\n\t<div class=\"wpb_wrapper\">\n\t\t<p><strong>Unvergessliche Aussichten bietet der Grand Canyon Skywalk - eine 10 Fu\u00df breite, hufeisenf\u00f6rmige Glasbr\u00fccke, die 70 Fu\u00df \u00fcber den Rand des Grand Canyon hinausragt und den G\u00e4sten einen freien Blick auf den Grund des Canyons in 4.000 Fu\u00df H\u00f6he erm\u00f6glicht. Weitere Erlebnisse sind eine Rafting-Tour auf dem Colorado River mit den Hualapai River Runners, eine Fahrt mit der Zipline im Grand Canyon West und die Erkundung der Ausstellungen \u00fcber die Kultur der Ureinwohner. F\u00fcr einen noch dramatischeren Blick aus der Vogelperspektive k\u00f6nnen die G\u00e4ste bei einem Hubschrauberflug \u00fcber den Canyon schweben. Es gibt eine Vielzahl von kostenpflichtigen Erlebnissen, darunter auch saisonale Sonderangebote<\/strong><\/p>\n<p>Zu den verf\u00fcgbaren Dienstleistungen geh\u00f6ren Pressereisen, Zugang zu Fotos und Videos, Ideen f\u00fcr Geschichten, Interviews, Fakten\u00fcberpr\u00fcfung und vieles mehr.<\/p>\n<p>F\u00fcr alle Medienanfragen wenden Sie sich bitte an <a href=\"mailto:pr@grandcanyonresort.com\">pr@grandcanyonresort.com<\/a>.<\/p>\n\t<\/div>\n<\/div>\n\n\n\n<div class=\"divider-wrap\" style=\"opacity: 0.32;\" data-alignment=\"default\"><div style=\"margin-top: 65px; height: 1px; margin-bottom: 65px;\" data-width=\"100%\" data-animate=\"yes\" data-animation-delay=\"\" data-color=\"accent-color\" class=\"divider-border\"><\/div><\/div>\n\t\t\t<\/div> \n\t\t<\/div>\n\t<\/div> \n<\/div><\/div>\n\t\t<div id=\"group-sales\"  data-column-margin=\"default\" data-midnight=\"dark\"  class=\"wpb_row vc_row-fluid vc_row full-width-section parallax_section\"  style=\"padding-top: 0px; padding-bottom: 56px; \"><div class=\"row-bg-wrap\" data-bg-animation=\"none\" data-bg-animation-delay=\"\" data-bg-overlay=\"true\"><div class=\"inner-wrap row-bg-layer\" ><div class=\"row-bg viewport-desktop\" data-parallax-speed=\"medium_fast\" style=\"\"><\/div><\/div><div class=\"row-bg-overlay row-bg-layer\" style=\"background-color:transparent;  opacity: 1; \"><\/div><\/div><div class=\"row_col_wrap_12 col span_12 dark left\">\n\t<div  class=\"vc_col-sm-12 wpb_column column_container vc_column_container col no-extra-padding inherit_tablet inherit_phone\"  data-padding-pos=\"all\" data-has-bg-color=\"false\" data-bg-color=\"\" data-bg-opacity=\"1\" data-animation=\"\" data-delay=\"0\" >\n\t\t<div class=\"vc_column-inner\" >\n\t\t\t<div class=\"wpb_wrapper\">\n\t\t\t\t<div class=\"nectar-highlighted-text font_size_4vw font_line_height_-9\" data-style=\"text_outline\" data-outline-thickness=\"extra_thick\" data-user-color=\"true\" style=\"color: #110709;\" data-using-custom-color=\"false\" data-animation-delay=\"false\" data-color=\"\" data-color-gradient=\"\"><h2><em>PRESSE <\/em>VER\u00d6FFENTLICHUNGEN<\/h2>\n<\/div>\n<div class=\"wpb_text_column wpb_content_element\" >\n\t<div class=\"wpb_wrapper\">\n\t\t<p>Sehen Sie sich die Neuigkeiten und Aktualisierungen von Grand Canyon West an, indem Sie sich unsere fr\u00fcheren Pressemitteilungen ansehen. F\u00fcr die aktuellsten Informationen kontaktieren Sie unser Team \u00fcber\u00a0<a href=\"mailto:pr@grandcanyonresort.com\">pr@grandcanyonresort.com<\/a> oder (928) 227-2519.<\/p>\n\t<\/div>\n<\/div>\n\n\n\n<div class=\"divider-wrap\" style=\"opacity: 0.32;\" data-alignment=\"default\"><div style=\"height: 32px;\" class=\"divider\"><\/div><\/div><div id=\"fws_69e212861d140\" data-midnight=\"\" data-column-margin=\"default\" class=\"wpb_row vc_row-fluid vc_row inner_row\"  style=\"\"><div class=\"row-bg-wrap\"> <div class=\"row-bg\" ><\/div> <\/div><div class=\"row_col_wrap_12_inner col span_12  left\">\n\t<div  class=\"vc_col-sm-6 wpb_column column_container vc_column_container col child_column no-extra-padding inherit_tablet inherit_phone\"   data-padding-pos=\"all\" data-has-bg-color=\"false\" data-bg-color=\"\" data-bg-opacity=\"1\" data-animation=\"\" data-delay=\"0\" >\n\t\t<div class=\"vc_column-inner\" >\n\t\t<div class=\"wpb_wrapper\">\n\t\t\t\n<div class=\"wpb_text_column wpb_content_element\" >\n\t<div class=\"wpb_wrapper\">\n\t\t<h4>2022<\/h4>\n\t<\/div>\n<\/div>\n\n\n\n\n<div class=\"wpb_text_column wpb_content_element\" >\n\t<div class=\"wpb_wrapper\">\n\t\t<p><a href=\"\/wp-content\/uploads\/2025\/12\/GCW_Anniversary-Release.pdf\">Grand Canyon West feiert den 15. Jahrestag des Skywalk<\/a>\u00a0- M\u00e4rz 2022<\/p>\n\t<\/div>\n<\/div>\n\n\n\n\n<div class=\"wpb_text_column wpb_content_element\" >\n\t<div class=\"wpb_wrapper\">\n\t\t<h4>2021<\/h4>\n\t<\/div>\n<\/div>\n\n\n\n\n<div class=\"wpb_text_column wpb_content_element\" >\n\t<div class=\"wpb_wrapper\">\n\t\t<p><a href=\"\/wp-content\/uploads\/2025\/12\/GCW_Summer-Release.pdf\">Grand Canyon West empf\u00e4ngt Sommerbesucher mit Erlebnispaketen<\/a>\u00a0- Mai 2021<\/p>\n\t<\/div>\n<\/div>\n\n\n\n\n\t\t<\/div> \n\t<\/div>\n\t<\/div> \n\n\t<div  class=\"vc_col-sm-6 wpb_column column_container vc_column_container col child_column no-extra-padding inherit_tablet inherit_phone\"   data-padding-pos=\"all\" data-has-bg-color=\"false\" data-bg-color=\"\" data-bg-opacity=\"1\" data-animation=\"\" data-delay=\"0\" >\n\t\t<div class=\"vc_column-inner\" >\n\t\t<div class=\"wpb_wrapper\">\n\t\t\t\n<div class=\"wpb_text_column wpb_content_element\" >\n\t<div class=\"wpb_wrapper\">\n\t\t<h4>2020<\/h4>\n\t<\/div>\n<\/div>\n\n\n\n\n<div class=\"wpb_text_column wpb_content_element\" >\n\t<div class=\"wpb_wrapper\">\n\t\t<p><a href=\"\/wp-content\/uploads\/2025\/12\/News-Release-Papillon-and-GCW-pontoon-tours.pdf\" target=\"_blank\" rel=\"noreferrer noopener\">Grand Canyon West und Papillon begr\u00fc\u00dfen die R\u00fcckkehr der Hubschrauberfl\u00fcge mit Pontoon-Touren<\/a>\u00a0- November 2020<\/p>\n<p><a href=\"\/wp-content\/uploads\/2025\/12\/InterimCEOAnnouncement_V1.pdf\">Ruby Steele \u00fcbernimmt interimistisch die Position des Vorstandsvorsitzenden der Grand Canyon Resort Corporation<\/a>\u00a0- August 2020<\/p>\n<p><a href=\"https:\/\/www.newswire.com\/news\/grand-canyon-west-extends-free-general-admission-offer-for-frontline-21156109?_ga=2.36336928.1499667888.1591827757-1668395930.1590422176\" target=\"_blank\" rel=\"noreferrer noopener\">Grand Canyon West verl\u00e4ngert Angebot f\u00fcr freien Eintritt an der Vorderseite<\/a><a href=\"https:\/\/www.newswire.com\/news\/grand-canyon-west-extends-free-general-admission-offer-for-frontline-21156109?_ga=2.36336928.1499667888.1591827757-1668395930.1590422176\" target=\"_blank\" rel=\"noreferrer noopener\">\u2013<\/a><a href=\"https:\/\/www.newswire.com\/news\/grand-canyon-west-extends-free-general-admission-offer-for-frontline-21156109?_ga=2.36336928.1499667888.1591827757-1668395930.1590422176\" target=\"_blank\" rel=\"noreferrer noopener\">Linienarbeiter bis 15. Juni<\/a>\u00a0- Juni 2020<\/p>\n<p><a href=\"https:\/\/www.newswire.com\/news\/hualapai-river-runners-to-relaunch-grand-canyon-whitewater-rafting-on-21152694?_ga=2.24862394.1499667888.1591827757-1668395930.1590422176\" target=\"_blank\" rel=\"noreferrer noopener\">Hualapai River Runners startet Grand Canyon Whitewater Rafting am 8. Juni neu; k\u00fcndigt brandneue Touren und Ausr\u00fcstungsverleih an\u00a0<\/a>- Juni 2020<\/p>\n<p><a href=\"\/wp-content\/uploads\/2025\/12\/Grand-Canyon-West-Rolls-Out-Rigorous-Health.pdf\" target=\"_blank\" rel=\"noreferrer noopener\">Grand Canyon West f\u00fchrt f\u00fcr die Wiederer\u00f6ffnung am 1. Juni einen strengen Gesundheits- und Sicherheitsplan ein<\/a>\u00a0- Mai 2020<\/p>\n<p><a href=\"\/wp-content\/uploads\/2025\/12\/Grand-Canyon-Skywalk-Celebrates-10th-Million-Visitor-All-Time.pdf\" target=\"_blank\" rel=\"noreferrer noopener\">Grand Canyon Skywalk feiert 10 Millionen Besucher<\/a>\u00a0- Januar 2020<\/p>\n\t<\/div>\n<\/div>\n\n\n\n\n<div class=\"wpb_text_column wpb_content_element\" >\n\t<div class=\"wpb_wrapper\">\n\t\t<h4>2019<\/h4>\n\t<\/div>\n<\/div>\n\n\n\n\n<div class=\"wpb_text_column wpb_content_element\" >\n\t<div class=\"wpb_wrapper\">\n\t\t<p><a href=\"\/wp-content\/uploads\/2025\/12\/Grand-Canyon-Stargazing.docx\" target=\"_blank\" rel=\"noreferrer noopener\">Hualapai River Runners k\u00fcndigt neue Tour an: Sternenguckerei im Grand Canyon<\/a>\u00a0- Oktober 2019<\/p>\n<p><a href=\"\/wp-content\/uploads\/2025\/12\/Sky-View-Restaurant.docx\" target=\"_blank\" rel=\"noreferrer noopener\">Grand Canyon West erweitert das Sky View Restaurant<\/a>\u00a0- September 2019<\/p>\n\t<\/div>\n<\/div>\n\n\n\n\n\t\t<\/div> \n\t<\/div>\n\t<\/div> \n<\/div><\/div><div class=\"divider-wrap\" style=\"opacity: 0.32;\" data-alignment=\"default\"><div style=\"margin-top: 65px; height: 1px; margin-bottom: 65px;\" data-width=\"100%\" data-animate=\"yes\" data-animation-delay=\"\" data-color=\"accent-color\" class=\"divider-border\"><\/div><\/div>\n\t\t\t<\/div> \n\t\t<\/div>\n\t<\/div> \n<\/div><\/div>\n\t\t<div id=\"group-sales\"  data-column-margin=\"default\" data-midnight=\"dark\"  class=\"wpb_row vc_row-fluid vc_row full-width-section parallax_section\"  style=\"padding-top: 0px; padding-bottom: 56px; \"><div class=\"row-bg-wrap\" data-bg-animation=\"none\" data-bg-animation-delay=\"\" data-bg-overlay=\"true\"><div class=\"inner-wrap row-bg-layer\" ><div class=\"row-bg viewport-desktop\" data-parallax-speed=\"medium_fast\" style=\"\"><\/div><\/div><div class=\"row-bg-overlay row-bg-layer\" style=\"background-color:transparent;  opacity: 1; \"><\/div><\/div><div class=\"row_col_wrap_12 col span_12 dark left\">\n\t<div  class=\"vc_col-sm-12 wpb_column column_container vc_column_container col no-extra-padding inherit_tablet inherit_phone\"  data-padding-pos=\"all\" data-has-bg-color=\"false\" data-bg-color=\"\" data-bg-opacity=\"1\" data-animation=\"\" data-delay=\"0\" >\n\t\t<div class=\"vc_column-inner\" >\n\t\t\t<div class=\"wpb_wrapper\">\n\t\t\t\t<div class=\"nectar-highlighted-text font_size_4vw font_line_height_-9\" data-style=\"text_outline\" data-outline-thickness=\"extra_thick\" data-user-color=\"true\" style=\"color: #110709;\" data-using-custom-color=\"false\" data-animation-delay=\"false\" data-color=\"\" data-color-gradient=\"\"><h2>GRAND CANYON WEST<strong>\u00a0<\/strong><em>FACTS<\/em><\/h2>\n<\/div>\n<div class=\"wpb_text_column wpb_content_element\" >\n\t<div class=\"wpb_wrapper\">\n\t\t<p>Wenn Sie eine Website, soziale Medien, einen Blog oder eine andere Online-Pr\u00e4senz haben und etwas zus\u00e4tzliches Geld verdienen m\u00f6chten, indem Sie Leute \u00fcber unseren Partnerkanal werben, dann kontaktieren Sie uns.<\/p>\n\t<\/div>\n<\/div>\n\n\n\n<div class=\"divider-wrap\" style=\"opacity: 0.32;\" data-alignment=\"default\"><div style=\"height: 32px;\" class=\"divider\"><\/div><\/div><div id=\"fws_69e212861df76\" data-midnight=\"\" data-column-margin=\"default\" class=\"wpb_row vc_row-fluid vc_row inner_row\"  style=\"\"><div class=\"row-bg-wrap\"> <div class=\"row-bg\" ><\/div> <\/div><div class=\"row_col_wrap_12_inner col span_12  left\">\n\t<div  class=\"vc_col-sm-6 wpb_column column_container vc_column_container col child_column no-extra-padding inherit_tablet inherit_phone\"   data-padding-pos=\"all\" data-has-bg-color=\"false\" data-bg-color=\"\" data-bg-opacity=\"1\" data-animation=\"\" data-delay=\"0\" >\n\t\t<div class=\"vc_column-inner\" >\n\t\t<div class=\"wpb_wrapper\">\n\t\t\t\n<div class=\"wpb_text_column wpb_content_element\" >\n\t<div class=\"wpb_wrapper\">\n\t\t<h4>Hualapai-Stamm<\/h4>\n\t<\/div>\n<\/div>\n\n\n\n<div class=\"nectar-fancy-ul\" data-list-icon=\"icon-salient-check\" data-animation=\"false\" data-animation-delay=\"0\" data-color=\"extra-color-1\" data-spacing=\"15px\" data-alignment=\"left\"> \n<ul>\n<li>Seit 2007 hat der Skywalk am Grand Canyon West mehr als 10 Millionen Besucher empfangen.<\/li>\n<li>Der Skywalk ist eine 10 Fu\u00df breite, hufeisenf\u00f6rmige, freitragende Glasbr\u00fccke, die sich 70 Fu\u00df \u00fcber den Rand des Grand Canyon erstreckt und einen freien Blick auf den Canyonboden in 4.000 Fu\u00df Tiefe bietet.<\/li>\n<li>Der Skywalk ist stark genug, um siebzig voll beladene 747-Passagierjets aufzunehmen.<strong>\u00a0<\/strong><\/li>\n<li>Im Hauptterminal des Skywalk befinden sich Ausstellungen \u00fcber den Stamm der Hualapai und die Geschichte der amerikanischen Ureinwohner sowie das Sky View Restaurant.<\/li>\n<\/ul>\n <\/div><div class=\"divider-wrap\" style=\"opacity: 0.32;\" data-alignment=\"default\"><div style=\"margin-top: 30px; height: 1px; margin-bottom: 30px;\" data-width=\"100%\" data-animate=\"yes\" data-animation-delay=\"\" data-color=\"extra-color-1\" class=\"divider-border\"><\/div><\/div>\n<div class=\"wpb_text_column wpb_content_element\" >\n\t<div class=\"wpb_wrapper\">\n\t\t<h4>Eagle Point<\/h4>\n\t<\/div>\n<\/div>\n\n\n\n<div class=\"nectar-fancy-ul\" data-list-icon=\"icon-salient-check\" data-animation=\"false\" data-animation-delay=\"0\" data-color=\"extra-color-1\" data-spacing=\"15px\" data-alignment=\"left\"> \n<ul>\n<li>Am Eagle Point finden die G\u00e4ste den Skywalk, das Sky View Restaurant und die selbstgef\u00fchrte Tour durch das Indianerdorf.<\/li>\n<li>Die G\u00e4ste k\u00f6nnen die musikalischen Kl\u00e4nge und magischen T\u00e4nze des Hualapai-Stammes im Freiluft-Amphitheater am Eagle Point genie\u00dfen. (Auff\u00fchrungsdaten und -zeiten variieren)<\/li>\n<\/ul>\n <\/div><div class=\"divider-wrap\" style=\"opacity: 0.32;\" data-alignment=\"default\"><div style=\"margin-top: 30px; height: 1px; margin-bottom: 30px;\" data-width=\"100%\" data-animate=\"yes\" data-animation-delay=\"\" data-color=\"extra-color-1\" class=\"divider-border\"><\/div><\/div>\n<div class=\"wpb_text_column wpb_content_element\" >\n\t<div class=\"wpb_wrapper\">\n\t\t<h4>Zipline<\/h4>\n\t<\/div>\n<\/div>\n\n\n\n<div class=\"nectar-fancy-ul\" data-list-icon=\"icon-salient-check\" data-animation=\"false\" data-animation-delay=\"0\" data-color=\"extra-color-1\" data-spacing=\"15px\" data-alignment=\"left\"> \n<ul>\n<li>Erreichen Sie Geschwindigkeiten von bis zu 40 Meilen pro Stunde auf 3.200 Fu\u00df Seilrutsche, w\u00e4hrend Sie 500 Fu\u00df \u00fcber dem Boden einer spektakul\u00e4ren Seitenschlucht schweben.<\/li>\n<\/ul>\n <\/div><div class=\"divider-wrap\" style=\"opacity: 0.32;\" data-alignment=\"default\"><div style=\"margin-top: 30px; height: 1px; margin-bottom: 30px;\" data-width=\"100%\" data-animate=\"yes\" data-animation-delay=\"\" data-color=\"extra-color-1\" class=\"divider-border\"><\/div><\/div>\n<div class=\"wpb_text_column wpb_content_element\" >\n\t<div class=\"wpb_wrapper\">\n\t\t<h4>Unterbringung<\/h4>\n\t<\/div>\n<\/div>\n\n\n\n<div class=\"nectar-fancy-ul\" data-list-icon=\"icon-salient-check\" data-animation=\"false\" data-animation-delay=\"0\" data-color=\"extra-color-1\" data-spacing=\"15px\" data-alignment=\"left\"> \n<ul>\n<li>Grand Canyon West bietet H\u00fctten zur Miete in der N\u00e4he des Hauptterminals f\u00fcr den Skywalk an.<\/li>\n<li>Wohnmobilstellpl\u00e4tze sind am Grand Canyon West vorhanden (keine Anschl\u00fcsse).<\/li>\n<li>Die Hualapai Lodge an der Route 66 ist das Basislager f\u00fcr Rafting-Ausfl\u00fcge der Hualapai River Runners.<\/li>\n<\/ul>\n <\/div>\n\t\t<\/div> \n\t<\/div>\n\t<\/div> \n\n\t<div  class=\"vc_col-sm-6 wpb_column column_container vc_column_container col child_column no-extra-padding inherit_tablet inherit_phone\"   data-padding-pos=\"all\" data-has-bg-color=\"false\" data-bg-color=\"\" data-bg-opacity=\"1\" data-animation=\"\" data-delay=\"0\" >\n\t\t<div class=\"vc_column-inner\" >\n\t\t<div class=\"wpb_wrapper\">\n\t\t\t\n<div class=\"wpb_text_column wpb_content_element\" >\n\t<div class=\"wpb_wrapper\">\n\t\t<h4>Skywalk<\/h4>\n\t<\/div>\n<\/div>\n\n\n\n<div class=\"nectar-fancy-ul\" data-list-icon=\"icon-salient-check\" data-animation=\"false\" data-animation-delay=\"0\" data-color=\"extra-color-1\" data-spacing=\"15px\" data-alignment=\"left\"> \n<ul>\n<li>Seit 2007 hat der Skywalk am Grand Canyon West mehr als 10 Millionen Besucher empfangen.<\/li>\n<li>Der Skywalk ist eine 10 Fu\u00df breite, hufeisenf\u00f6rmige, freitragende Glasbr\u00fccke, die sich 70 Fu\u00df \u00fcber den Rand des Grand Canyon erstreckt und einen freien Blick auf den Canyonboden in 4.000 Fu\u00df Tiefe bietet.<\/li>\n<li>Der Skywalk ist stark genug, um siebzig voll beladene 747-Passagierjets aufzunehmen.<strong>\u00a0<\/strong><\/li>\n<li>Im Hauptterminal des Skywalk befinden sich Ausstellungen \u00fcber den Stamm der Hualapai und die Geschichte der amerikanischen Ureinwohner sowie das Sky View Restaurant.<\/li>\n<\/ul>\n <\/div><div class=\"divider-wrap\" style=\"opacity: 0.32;\" data-alignment=\"default\"><div style=\"margin-top: 30px; height: 1px; margin-bottom: 30px;\" data-width=\"100%\" data-animate=\"yes\" data-animation-delay=\"\" data-color=\"extra-color-1\" class=\"divider-border\"><\/div><\/div>\n<div class=\"wpb_text_column wpb_content_element\" >\n\t<div class=\"wpb_wrapper\">\n\t\t<h4>Guano Punkt<\/h4>\n\t<\/div>\n<\/div>\n\n\n\n<div class=\"nectar-fancy-ul\" data-list-icon=\"icon-salient-check\" data-animation=\"false\" data-animation-delay=\"0\" data-color=\"extra-color-1\" data-spacing=\"15px\" data-alignment=\"left\"> \n<ul>\n<li>Der Guano Point bietet einen atemberaubenden 360-Grad-Blick auf den Grand Canyon.<\/li>\n<li>Der Name Guano Point geht auf die Entdeckung einer Guano-H\u00f6hle in den 1930er Jahren zur\u00fcck.<\/li>\n<li>20 Jahre lang fuhren die Bergleute mit der Seilbahn \u00fcber den Fluss und \u00fcberquerten ihn auf einer L\u00e4nge von 7.500 Fu\u00df mit einem H\u00f6henunterschied von 2.500 Fu\u00df.<\/li>\n<li>Ein Kampfjet der U.S. Air Force st\u00fcrzte in die Oberleitung und setzte die Seilbahn dauerhaft au\u00dfer Betrieb.<\/li>\n<li>Am Guano Point befinden sich die \u00dcberreste der Seilbahnstation, die einst auf einer L\u00e4nge von 8.800 Fu\u00df durch den Canyon zur Guano-Mine f\u00fchrte.<\/li>\n<\/ul>\n <\/div><div class=\"divider-wrap\" style=\"opacity: 0.32;\" data-alignment=\"default\"><div style=\"margin-top: 30px; height: 1px; margin-bottom: 30px;\" data-width=\"100%\" data-animate=\"yes\" data-animation-delay=\"\" data-color=\"extra-color-1\" class=\"divider-border\"><\/div><\/div>\n<div class=\"wpb_text_column wpb_content_element\" >\n\t<div class=\"wpb_wrapper\">\n\t\t<h4>Colorado Whitewater River Rafting mit den Hualapai River Runners<\/h4>\n\t<\/div>\n<\/div>\n\n\n\n<div class=\"nectar-fancy-ul\" data-list-icon=\"icon-salient-check\" data-animation=\"false\" data-animation-delay=\"0\" data-color=\"extra-color-1\" data-spacing=\"15px\" data-alignment=\"left\"> \n<ul>\n<li>Die Hualapai River Runners bieten ein- und zweit\u00e4gige Wildwasser-Rafting-Touren an.<\/li>\n<li>Die einzige M\u00f6glichkeit, den Colorado River einen Tag lang zu raften, bieten die Hualapai River Runners.<\/li>\n<li>Die Wildwasser-Rafting-Touren beinhalten aufregende Stromschnellen, eine Wanderung zu den Travertine Cavern Falls und ein Mittagessen am Flussufer.<\/li>\n<li>Zertifizierte Hualapai-Flussf\u00fchrer geben Einblicke in die Kultur des Hualapai-Stammes und dessen Verbindung zum Colorado River.<\/li>\n<\/ul>\n <\/div>\n\t\t<\/div> \n\t<\/div>\n\t<\/div> \n<\/div><\/div>\n\t\t\t<\/div> \n\t\t<\/div>\n\t<\/div> \n<\/div><\/div>","protected":false},"excerpt":{"rendered":"Medienressourcen Sind Sie ein Medienvertreter, der alles erkunden m\u00f6chte, was der Grand Canyon West zu bieten hat? Unser Team ist bereit, Sie bei Ihrem n\u00e4chsten Projekt zu unterst\u00fctzen. Nur zwei Kilometer entfernt...","protected":false},"author":9,"featured_media":0,"parent":0,"menu_order":8,"comment_status":"closed","ping_status":"closed","template":"","meta":{"footnotes":""},"class_list":["post-5162","page","type-page","status-publish"],"_links":{"self":[{"href":"https:\/\/grandcanyonwest.com\/de\/wp-json\/wp\/v2\/pages\/5162","targetHints":{"allow":["GET"]}}],"collection":[{"href":"https:\/\/grandcanyonwest.com\/de\/wp-json\/wp\/v2\/pages"}],"about":[{"href":"https:\/\/grandcanyonwest.com\/de\/wp-json\/wp\/v2\/types\/page"}],"author":[{"embeddable":true,"href":"https:\/\/grandcanyonwest.com\/de\/wp-json\/wp\/v2\/users\/9"}],"replies":[{"embeddable":true,"href":"https:\/\/grandcanyonwest.com\/de\/wp-json\/wp\/v2\/comments?post=5162"}],"version-history":[{"count":0,"href":"https:\/\/grandcanyonwest.com\/de\/wp-json\/wp\/v2\/pages\/5162\/revisions"}],"wp:attachment":[{"href":"https:\/\/grandcanyonwest.com\/de\/wp-json\/wp\/v2\/media?parent=5162"}],"curies":[{"name":"wp","href":"https:\/\/api.w.org\/{rel}","templated":true}]}}