{"id":5151,"date":"2025-12-19T17:00:04","date_gmt":"2025-12-19T17:00:04","guid":{"rendered":"https:\/\/gcwdev.wpenginepowered.com\/?page_id=5151"},"modified":"2026-01-14T02:49:42","modified_gmt":"2026-01-14T02:49:42","slug":"excursiones-en-avion","status":"publish","type":"page","link":"https:\/\/grandcanyonwest.com\/es\/things-to-do\/airplane-tours\/","title":{"rendered":"Excursiones en avi\u00f3n"},"content":{"rendered":"<div id=\"fws_6a0222c83031b\"  data-column-margin=\"none\" data-midnight=\"dark\"  class=\"wpb_row vc_row-fluid vc_row full-width-content vc_row-o-equal-height vc_row-flex vc_row-o-content-middle parallax_section reverse_columns_column_tablet top_padding_tablet_40px\" data-using-ctc=\"true\" style=\"padding-top: 48px; padding-bottom: 0px; color: #FFFAE5; \"><div class=\"row-bg-wrap\" data-bg-animation=\"none\" data-bg-animation-delay=\"\" data-bg-overlay=\"true\"><div class=\"inner-wrap row-bg-layer\" ><div class=\"row-bg viewport-desktop using-bg-color\" data-parallax-speed=\"medium_fast\" style=\"background-color: #110709; \"><\/div><\/div><div class=\"row-bg-overlay row-bg-layer\" style=\"background-color:#110709;  opacity: 0.5; \"><\/div><\/div><div class=\"row_col_wrap_12 col span_12 custom left\">\n\t<div  class=\"vc_col-sm-6 wpb_column column_container vc_column_container col left_padding_desktop_48px left_padding_tablet_32px top_padding_desktop_32px right_padding_desktop_48px right_padding_tablet_32px bottom_padding_desktop_32px\"  data-padding-pos=\"all\" data-has-bg-color=\"false\" data-bg-color=\"\" data-bg-opacity=\"1\" data-animation=\"\" data-delay=\"0\" >\n\t\t<div class=\"vc_column-inner\" >\n\t\t\t<div class=\"wpb_wrapper\">\n\t\t\t\t<div id=\"fws_6a0222c8306bb\" data-midnight=\"\" data-column-margin=\"none\" class=\"wpb_row vc_row-fluid vc_row inner_row  translate_x_0px\"  style=\"\"><div class=\"row-bg-wrap\"> <div class=\"row-bg\" ><\/div> <\/div><div class=\"row_col_wrap_12_inner col span_12  left\">\n\t<div  class=\"vc_col-sm-12 wpb_column column_container vc_column_container col child_column no-extra-padding inherit_tablet inherit_phone\"   data-padding-pos=\"all\" data-has-bg-color=\"false\" data-bg-color=\"\" data-bg-opacity=\"1\" data-animation=\"\" data-delay=\"0\" >\n\t\t<div class=\"vc_column-inner\" >\n\t\t<div class=\"wpb_wrapper\">\n\t\t\t<div class=\"nectar-highlighted-text\" data-style=\"text_outline\" data-outline-thickness=\"extra_thick\" data-user-color=\"true\" style=\"color: #CE9334;\" data-using-custom-color=\"false\" data-animation-delay=\"false\" data-color=\"\" data-color-gradient=\"\"><h1><em>Avi\u00f3n\u00a0<\/em>Excursiones<\/h1>\n<\/div><h6 style=\"color: #CE9334;text-align: left\" class=\"vc_custom_heading vc_do_custom_heading\" >Lleve su aventura en el Gran Ca\u00f1\u00f3n a nuevas alturas con el Vuelo del C\u00f3ndor.<\/h6><div class=\"divider-wrap\" style=\"opacity: 0.32;\" data-alignment=\"default\"><div style=\"margin-top: 12px; height: 1px; margin-bottom: 12px;\" data-width=\"100%\" data-animate=\"yes\" data-animation-delay=\"\" data-color=\"extra-color-1\" class=\"divider-border\"><\/div><\/div>\n<div class=\"wpb_text_column wpb_content_element\" >\n\t<div class=\"wpb_wrapper\">\n\t\t<p>Este vuelo panor\u00e1mico de 15-20 minutos ofrece vistas impresionantes de lugares emblem\u00e1ticos como Eagle Point, Guano Point y el r\u00edo Colorado, todo ello desde la comodidad de un avi\u00f3n con climatizaci\u00f3n.<\/p>\n\t<\/div>\n<\/div>\n\n\n\n\n\t\t<\/div> \n\t<\/div>\n\t<\/div> \n<\/div><\/div>\n\t\t\t<\/div> \n\t\t<\/div>\n\t<\/div> \n\n\t<div style=\"\" class=\"vc_col-sm-6 wpb_column column_container vc_column_container col no-extra-padding inherit_tablet inherit_phone\" data-using-bg=\"true\" data-padding-pos=\"all\" data-has-bg-color=\"false\" data-bg-color=\"\" data-bg-opacity=\"1\" data-animation=\"\" data-delay=\"0\" >\n\t\t<div class=\"vc_column-inner\" ><div class=\"column-image-bg-wrap column-bg-layer viewport-desktop\" data-bg-pos=\"center center\" data-bg-animation=\"none\" data-bg-overlay=\"false\"><div class=\"inner-wrap\"><div class=\"column-image-bg\" style=\" background-image: url('https:\/\/grandcanyonwest.com\/wp-content\/uploads\/2025\/09\/Plane-Tours.jpg'); \"><\/div><\/div><\/div>\n\t\t\t<div class=\"wpb_wrapper\">\n\t\t\t\t<div class=\"divider-wrap height_tablet_320px\" data-alignment=\"default\"><div style=\"height: 540px;\" class=\"divider\"><\/div><\/div>\n\t\t\t<\/div> \n\t\t<\/div>\n\t<\/div> \n<\/div><\/div>\n\t\t<div id=\"fws_6a0222c831130\"  data-column-margin=\"default\" data-midnight=\"dark\"  class=\"wpb_row vc_row-fluid vc_row full-width-section parallax_section\"  style=\"padding-top: 56px; padding-bottom: 56px; \"><div class=\"row-bg-wrap\" data-bg-animation=\"none\" data-bg-animation-delay=\"\" data-bg-overlay=\"true\"><div class=\"inner-wrap row-bg-layer\" ><div class=\"row-bg viewport-desktop\" data-parallax-speed=\"medium_fast\" style=\"\"><\/div><\/div><div class=\"row-bg-overlay row-bg-layer\" style=\"background-color:transparent;  opacity: 1; \"><\/div><\/div><div class=\"row_col_wrap_12 col span_12 dark left\">\n\t<div  class=\"vc_col-sm-12 wpb_column column_container vc_column_container col no-extra-padding inherit_tablet inherit_phone\"  data-padding-pos=\"all\" data-has-bg-color=\"false\" data-bg-color=\"\" data-bg-opacity=\"1\" data-animation=\"\" data-delay=\"0\" >\n\t\t<div class=\"vc_column-inner\" >\n\t\t\t<div class=\"wpb_wrapper\">\n\t\t\t\t<div id=\"fws_6a0222c831331\" data-midnight=\"\" data-column-margin=\"80px\" class=\"wpb_row vc_row-fluid vc_row inner_row vc_row-o-equal-height vc_row-flex vc_row-o-content-middle translate_x_0px\"  style=\"\"><div class=\"row-bg-wrap\"> <div class=\"row-bg\" ><\/div> <\/div><div class=\"row_col_wrap_12_inner col span_12  left\">\n\t<div  class=\"vc_col-sm-6 wpb_column column_container vc_column_container col child_column\"   data-border-radius=\"10px\" data-padding-pos=\"all\" data-has-bg-color=\"false\" data-bg-color=\"\" data-bg-opacity=\"0.7\" data-animation=\"\" data-delay=\"0\" >\n\t\t<div class=\"vc_column-inner\" >\n\t\t<div class=\"wpb_wrapper\">\n\t\t\t<div class=\"divider-wrap\" data-alignment=\"default\"><div style=\"margin-top: 20px; height: 1px; margin-bottom: 20px;\" data-width=\"100%\" data-animate=\"yes\" data-animation-delay=\"\" data-color=\"extra-color-1\" class=\"divider-border\"><\/div><\/div>\n<div class=\"wpb_text_column wpb_content_element  vc_custom_1766163556600\" >\n\t<div class=\"wpb_wrapper\">\n\t\t<h4>Una vista panor\u00e1mica del Gran Ca\u00f1\u00f3n<\/h4>\n\t<\/div>\n<\/div>\n\n\n\n\n<div class=\"wpb_text_column wpb_content_element\" >\n\t<div class=\"wpb_wrapper\">\n\t\t<p>Tu viaje comienza en la terminal a\u00e9rea del Gran Ca\u00f1\u00f3n Oeste, donde deber\u00e1s registrarte una hora antes de tu vuelo. Una vez a bordo, prep\u00e1rate para disfrutar de unas impresionantes vistas a\u00e9reas de la belleza escarpada del ca\u00f1\u00f3n. Con alas altas dise\u00f1adas para una \u00f3ptima observaci\u00f3n, todos los asientos ofrecen una vista de primera fila.<\/p>\n<p>Para aquellos que deseen prolongar la aventura, el pase opcional All-Access Pass incluye la entrada al parque, el servicio de transporte a los principales miradores y el acceso al mundialmente famoso Skywalk, un puente de cristal que permite caminar a m\u00e1s de 1200 metros sobre el fondo del ca\u00f1\u00f3n. Tambi\u00e9n se puede explorar Hualapai Point, conocer a los embajadores nativos americanos y comprar productos artesanales.<\/p>\n\t<\/div>\n<\/div>\n\n\n\n<div class=\"divider-wrap\" data-alignment=\"default\"><div style=\"margin-top: 20px; height: 1px; margin-bottom: 20px;\" data-width=\"100%\" data-animate=\"yes\" data-animation-delay=\"\" data-color=\"extra-color-1\" class=\"divider-border\"><\/div><\/div>\n<div class=\"wpb_text_column wpb_content_element  vc_custom_1766163478438\" >\n\t<div class=\"wpb_wrapper\">\n\t\t<h4>Qu\u00e9 llevar<\/h4>\n\t<\/div>\n<\/div>\n\n\n\n<div class=\"nectar-fancy-ul\" data-list-icon=\"icon-salient-check\" data-animation=\"false\" data-animation-delay=\"0\" data-color=\"extra-color-1\" data-spacing=\"15px\" data-alignment=\"left\"> \n<ul class=\"dark\">\n<li class=\"&#091;&amp;&gt;p&#093;:inline\"><strong class=\"font-semibold\">Identificaci\u00f3n oficial<\/strong>: Obligatorio para todos los pasajeros.<\/li>\n<li class=\"&#091;&amp;&gt;p&#093;:inline\"><strong class=\"font-semibold\">C\u00e1mara o tel\u00e9fono<\/strong>Captura las vistas inolvidables (no se permiten palos selfies).<\/li>\n<li class=\"&#091;&amp;&gt;p&#093;:inline\"><strong class=\"font-semibold\">Botella de agua<\/strong>Mant\u00e9ngase hidratado, pero mantenga la botella cerrada durante el vuelo.<\/li>\n<li class=\"&#091;&amp;&gt;p&#093;:inline\"><strong class=\"font-semibold\">Ropa en capas<\/strong>V\u00edstete seg\u00fan la temporada: capas ligeras en los meses m\u00e1s c\u00e1lidos y ropa de invierno de octubre a mediados de marzo.<\/li>\n<li class=\"&#091;&amp;&gt;p&#093;:inline\"><strong class=\"font-semibold\">Zapatos resistentes<\/strong>El terreno del ca\u00f1\u00f3n es rocoso y accidentado, por lo que es imprescindible llevar tenis o botas de monta\u00f1a.<\/li>\n<\/ul>\n <\/div>\n\t\t<\/div> \n\t<\/div>\n\t<\/div> \n\n\t<div style=\" color: #110709;\" class=\"vc_col-sm-6 wpb_column column_container vc_column_container col child_column left_padding_desktop_24px top_padding_desktop_24px right_padding_desktop_24px bottom_padding_desktop_24px\" data-cfc=\"true\" data-using-bg=\"true\" data-border-radius=\"10px\" data-overlay-color=\"true\" data-padding-pos=\"all\" data-has-bg-color=\"true\" data-bg-color=\"#FADB97\" data-bg-opacity=\"1\" data-animation=\"\" data-delay=\"0\" >\n\t\t<div class=\"vc_column-inner\" ><div class=\"column-bg-overlay-wrap column-bg-layer\" data-bg-animation=\"none\"><div class=\"column-bg-overlay\" style=\"opacity: 1; background-color: #FADB97;\"><\/div><div class=\"column-overlay-layer\" style=\"background: #CE933440; background: linear-gradient(135deg,#CE933440 0%,#CE933400 100%);  opacity: 1; \"><\/div><\/div>\n\t\t<div class=\"wpb_wrapper\">\n\t\t\t<div class=\"img-with-aniamtion-wrap\" data-max-width=\"100%\" data-max-width-mobile=\"default\" data-border-radius=\"10px\" data-shadow=\"none\" data-animation=\"none\"  style=\"margin-bottom: 24px; \">\n      <div class=\"inner\">\n        <div class=\"hover-wrap\"> \n          <div class=\"hover-wrap-inner\">\n            <img loading=\"lazy\" decoding=\"async\" class=\"img-with-animation skip-lazy\" data-delay=\"0\" height=\"462\" width=\"768\" data-animation=\"none\" src=\"https:\/\/grandcanyonwest.com\/wp-content\/uploads\/2025\/08\/airplane-grand-canyon-west-768x462-1.jpg\" alt=\"Excursiones en avi\u00f3n por el Gran Ca\u00f1\u00f3n del Oeste.\" srcset=\"https:\/\/grandcanyonwest.com\/wp-content\/uploads\/2025\/08\/airplane-grand-canyon-west-768x462-1.jpg 768w, https:\/\/grandcanyonwest.com\/wp-content\/uploads\/2025\/08\/airplane-grand-canyon-west-768x462-1-300x180.jpg 300w\" sizes=\"auto, (max-width: 768px) 100vw, 768px\" \/>\n          <\/div>\n        <\/div>\n      <\/div>\n    <\/div><h2 style=\"font-size: 28px;color: #110709;line-height: 28px;text-align: left\" class=\"vc_custom_heading vc_do_custom_heading\" >Paquete Vuelo del C\u00f3ndor<\/h2><div class=\"divider-wrap\" style=\"opacity: 0.32;\" data-alignment=\"default\"><div style=\"margin-top: 12px; height: 1px; margin-bottom: 12px;\" data-width=\"100%\" data-animate=\"yes\" data-animation-delay=\"\" data-color=\"extra-color-1\" class=\"divider-border\"><\/div><\/div><div class=\"nectar-fancy-ul\" data-list-icon=\"icon-salient-check\" data-animation=\"false\" data-animation-delay=\"0\" data-color=\"extra-color-1\" data-spacing=\"default\" data-alignment=\"left\"> \n<ul class=\"dark\">\n<li><strong>Incluye pase de acceso total<\/strong><\/li>\n<li>Avi\u00f3n peque\u00f1o, de vuelo bajo y climatizado.<\/li>\n<li>Vuelo panor\u00e1mico con vistas majestuosas del Gran Ca\u00f1\u00f3n del Oeste y el r\u00edo Colorado.<\/li>\n<li>Narraci\u00f3n durante el vuelo<\/li>\n<li>Tiempo estimado de vuelo: 15-20 minutos.<\/li>\n<li>El check-in se realiza en el edificio de la terminal de helic\u00f3pteros, junto a la Terminal 1 (burbuja blanca) en el Gran Ca\u00f1\u00f3n Oeste.<\/li>\n<li>Reg\u00edstrese una hora antes de la hora prevista para su vuelo.<\/li>\n<\/ul>\n <\/div><div class=\"divider-wrap\" style=\"opacity: 0.32;\" data-alignment=\"default\"><div style=\"margin-top: 12px; height: 1px; margin-bottom: 12px;\" data-width=\"100%\" data-animate=\"yes\" data-animation-delay=\"\" data-color=\"extra-color-1\" class=\"divider-border\"><\/div><\/div><h4 style=\"color: #110709;text-align: left\" class=\"vc_custom_heading vc_do_custom_heading\" >$278 Por persona<\/h4><div class=\"nectar-cta  hover_color_CE9334 text_hover_color_110709 border_color_FFFAE5 hover_border_color_FFFAE5 alignment_tablet_default alignment_phone_center display_tablet_inherit display_phone_inherit\" data-color=\"accent-color\" data-using-bg=\"true\" data-style=\"text-reveal-wave\" data-display=\"block\" data-alignment=\"left\" data-text-color=\"custom\" style=\"margin-top: 32px; \"><span style=\"color: #FFFAE5;\" class=\"nectar-button-type\"><span class=\"link_wrap\" style=\"padding-top: 0.8em; padding-right: 2.2em; padding-bottom: 0.8em; padding-left: 2.2em;\"><a  class=\"link_text\" aria-label=\"Comprar boletos\" role=\"button\" href=\"https:\/\/tickets.grandcanyonwest.com\/webstore\/shop\/viewItems.aspx?cg=GCW&#038;c=AAPC&#038;_gl=1*zzsn3o*_gcl_au*MTQyNzk0OTAyNy4xNzU5OTU2MjA2*_ga*MjkwMTgwMzc3LjE3NDQxMzQyNTA.*_ga_XDW2049E9H*czE3NjYwMDcxMDkkbzkyJGcxJHQxNzY2MDA3MTM0JGozNSRsMSRoOTYzMTQ4MDgw\"><span class=\"text\"><span class=\"char\">B<\/span><span class=\"char\">u<\/span><span class=\"char\">y<\/span> <span class=\"char\">T<\/span><span class=\"char\">i<\/span><span class=\"char\">c<\/span><span class=\"char\">k<\/span><span class=\"char\">e<\/span><span class=\"char\">t<\/span><span class=\"char\">s<\/span><\/span><\/a><\/span><\/span><\/div>\n\t\t<\/div> \n\t<\/div>\n\t<\/div> \n<\/div><\/div>\n\t\t\t<\/div> \n\t\t<\/div>\n\t<\/div> \n<\/div><\/div>\n\t\t<div id=\"fws_6a0222c8323b6\"  data-column-margin=\"none\" data-midnight=\"dark\"  class=\"wpb_row vc_row-fluid vc_row full-width-content vc_row-o-equal-height vc_row-flex vc_row-o-content-middle\" data-using-ctc=\"true\" style=\"padding-top: 0px; padding-bottom: 0px; color: #FFFAE5; \"><div class=\"row-bg-wrap\" data-bg-animation=\"none\" data-bg-animation-delay=\"\" data-bg-overlay=\"false\"><div class=\"inner-wrap row-bg-layer\" ><div class=\"row-bg viewport-desktop using-bg-color\"  style=\"background-color: #110709; \"><\/div><\/div><\/div><div class=\"row_col_wrap_12 col span_12 custom left\">\n\t<div style=\"\" class=\"vc_col-sm-6 wpb_column column_container vc_column_container col padding-5-percent el_spacing_5px inherit_tablet inherit_phone\" data-using-bg=\"true\" data-overlay-color=\"true\" data-bg-cover=\"true\" data-padding-pos=\"all\" data-has-bg-color=\"false\" data-bg-color=\"\" data-bg-opacity=\"1\" data-animation=\"\" data-delay=\"0\" >\n\t\t<div class=\"vc_column-inner\" ><div class=\"column-image-bg-wrap column-bg-layer viewport-desktop\" data-n-parallax-bg=\"true\" data-parallax-speed=\"very_subtle\" data-bg-pos=\"center bottom\" data-bg-animation=\"none\" data-bg-overlay=\"true\"><div class=\"inner-wrap\"><div class=\"column-image-bg parallax-layer\" style=\" background-image: url('https:\/\/grandcanyonwest.com\/wp-content\/uploads\/2026\/01\/grand-canyon-west-trip-planner-helicopter-tour-pr-0421-1024x683-1.webp'); \"><\/div><\/div><\/div><div class=\"column-bg-overlay-wrap column-bg-layer\" data-bg-animation=\"none\"><div class=\"column-bg-overlay\"><\/div><div class=\"column-overlay-layer\" style=\"background: rgba(0,0,0,0.62); background: radial-gradient(50% 50% at 50% 50%,rgba(0,0,0,0.62) 0%,#11070980 100%);  opacity: 0.95; \"><\/div><\/div>\n\t\t\t<div class=\"wpb_wrapper\">\n\t\t\t\t<div class=\"divider-wrap height_tablet_96px\" data-alignment=\"default\"><div style=\"height: 160px;\" class=\"divider\"><\/div><\/div><div id=\"fws_6a0222c832986\" data-midnight=\"\" data-column-margin=\"default\" class=\"wpb_row vc_row-fluid vc_row inner_row\"  style=\"\"><div class=\"row-bg-wrap\"> <div class=\"row-bg\" ><\/div> <\/div><div class=\"row_col_wrap_12_inner col span_12  left\">\n\t<div  class=\"vc_col-sm-12 wpb_column column_container vc_column_container col child_column has-animation no-extra-padding el_spacing_0px inherit_tablet inherit_phone\"   data-padding-pos=\"all\" data-has-bg-color=\"false\" data-bg-color=\"\" data-bg-opacity=\"1\" data-animation=\"fade-in-from-bottom\" data-delay=\"0\" >\n\t\t<div class=\"vc_column-inner\" >\n\t\t<div class=\"wpb_wrapper\">\n\t\t\t<div class=\"nectar-highlighted-text font_size_56px font_line_height_-9\" data-style=\"text_outline\" data-outline-thickness=\"extra_thick\" data-user-color=\"true\" style=\"color: #FFFAE5;\" data-using-custom-color=\"false\" data-animation-delay=\"false\" data-color=\"\" data-color-gradient=\"\"><h2 style=\"text-align: center\">Helic\u00f3ptero y <em>Excursiones en pont\u00f3n<\/em><\/h2>\n<\/div><div class=\"nectar-cta  alignment_tablet_default alignment_phone_default display_tablet_inherit display_phone_inherit\" data-color=\"default\" data-using-bg=\"false\" data-display=\"block\" data-style=\"underline\" data-alignment=\"center\" data-text-color=\"custom\" ><span style=\"color: #FFFAE5;\" class=\"nectar-button-type\"> <span class=\"link_wrap\" ><a  class=\"link_text\" style=\"border-color: #FFFAE5;\" role=\"button\" href=\"\/es\/cosas-que-hacer\/excursiones-en-helicoptero-con-pontones\/\">M\u00e1s informaci\u00f3n<\/a><\/span><\/span><\/div>\n\t\t<\/div> \n\t<\/div>\n\t<\/div> \n<\/div><\/div><div class=\"divider-wrap height_tablet_96px\" data-alignment=\"default\"><div style=\"height: 160px;\" class=\"divider\"><\/div><\/div>\n\t\t\t<\/div> \n\t\t<\/div>\n\t<\/div> \n\n\t<div style=\"\" class=\"vc_col-sm-6 wpb_column column_container vc_column_container col padding-5-percent el_spacing_5px inherit_tablet inherit_phone\" data-using-bg=\"true\" data-overlay-color=\"true\" data-bg-cover=\"true\" data-padding-pos=\"all\" data-has-bg-color=\"false\" data-bg-color=\"\" data-bg-opacity=\"1\" data-animation=\"\" data-delay=\"0\" >\n\t\t<div class=\"vc_column-inner\" ><div class=\"column-image-bg-wrap column-bg-layer viewport-desktop\" data-n-parallax-bg=\"true\" data-parallax-speed=\"fast\" data-bg-pos=\"center center\" data-bg-animation=\"none\" data-bg-overlay=\"true\"><div class=\"inner-wrap\"><div class=\"column-image-bg parallax-layer\" style=\" background-image: url('https:\/\/grandcanyonwest.com\/wp-content\/uploads\/2025\/09\/Arcade.jpg'); \"><\/div><\/div><\/div><div class=\"column-bg-overlay-wrap column-bg-layer\" data-bg-animation=\"none\"><div class=\"column-bg-overlay\"><\/div><div class=\"column-overlay-layer\" style=\"background: rgba(0,0,0,0.72); background: radial-gradient(50% 50% at 50% 50%,rgba(0,0,0,0.72) 0%,#0000008F 100%);  opacity: 1; \"><\/div><\/div>\n\t\t\t<div class=\"wpb_wrapper\">\n\t\t\t\t<div class=\"divider-wrap height_tablet_96px\" data-alignment=\"default\"><div style=\"height: 160px;\" class=\"divider\"><\/div><\/div><div id=\"fws_6a0222c833275\" data-midnight=\"\" data-column-margin=\"default\" class=\"wpb_row vc_row-fluid vc_row inner_row\"  style=\"\"><div class=\"row-bg-wrap\"> <div class=\"row-bg\" ><\/div> <\/div><div class=\"row_col_wrap_12_inner col span_12  left\">\n\t<div  class=\"vc_col-sm-12 wpb_column column_container vc_column_container col child_column has-animation no-extra-padding el_spacing_0px inherit_tablet inherit_phone\"   data-padding-pos=\"all\" data-has-bg-color=\"false\" data-bg-color=\"\" data-bg-opacity=\"1\" data-animation=\"fade-in-from-bottom\" data-delay=\"200\" >\n\t\t<div class=\"vc_column-inner\" >\n\t\t<div class=\"wpb_wrapper\">\n\t\t\t<div class=\"nectar-highlighted-text font_size_56px font_line_height_-9\" data-style=\"text_outline\" data-outline-thickness=\"extra_thick\" data-user-color=\"true\" style=\"color: #FFFAE5;\" data-using-custom-color=\"false\" data-animation-delay=\"false\" data-color=\"\" data-color-gradient=\"\"><h2 style=\"text-align: center\"><em>Sala de juegos<\/em><\/h2>\n<\/div><div class=\"nectar-cta  alignment_tablet_default alignment_phone_default display_tablet_inherit display_phone_inherit\" data-color=\"default\" data-using-bg=\"false\" data-display=\"block\" data-style=\"underline\" data-alignment=\"center\" data-text-color=\"custom\" ><span style=\"color: #FFFAE5;\" class=\"nectar-button-type\"> <span class=\"link_wrap\" ><a  class=\"link_text\" style=\"border-color: #FFFAE5;\" role=\"button\" href=\"\/es\/cosas-que-hacer\/sala-de-juegos\/\">M\u00e1s informaci\u00f3n<\/a><\/span><\/span><\/div>\n\t\t<\/div> \n\t<\/div>\n\t<\/div> \n<\/div><\/div><div class=\"divider-wrap height_tablet_96px\" data-alignment=\"default\"><div style=\"height: 160px;\" class=\"divider\"><\/div><\/div>\n\t\t\t<\/div> \n\t\t<\/div>\n\t<\/div> \n<\/div><\/div>","protected":false},"excerpt":{"rendered":"Airplane\u00a0Tours Take your Grand Canyon adventure to new heights with the Flight of the Condor. This 15-20 minute scenic flight offers breathtaking views of iconic landmarks like Eagle Point, Guano...","protected":false},"author":9,"featured_media":0,"parent":4848,"menu_order":5,"comment_status":"closed","ping_status":"closed","template":"","meta":{"footnotes":""},"class_list":["post-5151","page","type-page","status-publish"],"_links":{"self":[{"href":"https:\/\/grandcanyonwest.com\/es\/wp-json\/wp\/v2\/pages\/5151","targetHints":{"allow":["GET"]}}],"collection":[{"href":"https:\/\/grandcanyonwest.com\/es\/wp-json\/wp\/v2\/pages"}],"about":[{"href":"https:\/\/grandcanyonwest.com\/es\/wp-json\/wp\/v2\/types\/page"}],"author":[{"embeddable":true,"href":"https:\/\/grandcanyonwest.com\/es\/wp-json\/wp\/v2\/users\/9"}],"replies":[{"embeddable":true,"href":"https:\/\/grandcanyonwest.com\/es\/wp-json\/wp\/v2\/comments?post=5151"}],"version-history":[{"count":0,"href":"https:\/\/grandcanyonwest.com\/es\/wp-json\/wp\/v2\/pages\/5151\/revisions"}],"up":[{"embeddable":true,"href":"https:\/\/grandcanyonwest.com\/es\/wp-json\/wp\/v2\/pages\/4848"}],"wp:attachment":[{"href":"https:\/\/grandcanyonwest.com\/es\/wp-json\/wp\/v2\/media?parent=5151"}],"curies":[{"name":"wp","href":"https:\/\/api.w.org\/{rel}","templated":true}]}}