{"id":5157,"date":"2025-12-19T21:13:21","date_gmt":"2025-12-19T21:13:21","guid":{"rendered":"https:\/\/gcwdev.wpenginepowered.com\/?page_id=5157"},"modified":"2026-01-21T13:54:28","modified_gmt":"2026-01-21T20:54:28","slug":"sala-de-juegos","status":"publish","type":"page","link":"https:\/\/grandcanyonwest.com\/es\/things-to-do\/arcade\/","title":{"rendered":"Sala de juegos"},"content":{"rendered":"<div id=\"fws_69d298bec2639\"  data-column-margin=\"none\" data-midnight=\"dark\"  class=\"wpb_row vc_row-fluid vc_row full-width-content vc_row-o-equal-height vc_row-flex vc_row-o-content-middle parallax_section reverse_columns_column_tablet top_padding_tablet_40px\" data-using-ctc=\"true\" style=\"padding-top: 48px; padding-bottom: 0px; color: #FFFAE5; \"><div class=\"row-bg-wrap\" data-bg-animation=\"none\" data-bg-animation-delay=\"\" data-bg-overlay=\"true\"><div class=\"inner-wrap row-bg-layer\" ><div class=\"row-bg viewport-desktop using-bg-color\" data-parallax-speed=\"medium_fast\" style=\"background-color: #110709; \"><\/div><\/div><div class=\"row-bg-overlay row-bg-layer\" style=\"background-color:#110709;  opacity: 0.5; \"><\/div><\/div><div class=\"row_col_wrap_12 col span_12 custom left\">\n\t<div  class=\"vc_col-sm-6 wpb_column column_container vc_column_container col left_padding_desktop_48px left_padding_tablet_32px top_padding_desktop_32px right_padding_desktop_48px right_padding_tablet_32px bottom_padding_desktop_32px\"  data-padding-pos=\"all\" data-has-bg-color=\"false\" data-bg-color=\"\" data-bg-opacity=\"1\" data-animation=\"\" data-delay=\"0\" >\n\t\t<div class=\"vc_column-inner\" >\n\t\t\t<div class=\"wpb_wrapper\">\n\t\t\t\t<div id=\"fws_69d298bec298d\" data-midnight=\"\" data-column-margin=\"none\" class=\"wpb_row vc_row-fluid vc_row inner_row  translate_x_0px\"  style=\"\"><div class=\"row-bg-wrap\"> <div class=\"row-bg\" ><\/div> <\/div><div class=\"row_col_wrap_12_inner col span_12  left\">\n\t<div  class=\"vc_col-sm-12 wpb_column column_container vc_column_container col child_column no-extra-padding inherit_tablet inherit_phone\"   data-padding-pos=\"all\" data-has-bg-color=\"false\" data-bg-color=\"\" data-bg-opacity=\"1\" data-animation=\"\" data-delay=\"0\" >\n\t\t<div class=\"vc_column-inner\" >\n\t\t<div class=\"wpb_wrapper\">\n\t\t\t<div class=\"nectar-highlighted-text\" data-style=\"text_outline\" data-outline-thickness=\"extra_thick\" data-user-color=\"true\" style=\"color: #CE9334;\" data-using-custom-color=\"false\" data-animation-delay=\"false\" data-color=\"\" data-color-gradient=\"\"><h1><em>Sala de juegos\u00a0<\/em>Experiencia<\/h1>\n<\/div><h6 style=\"color: #CE9334;text-align: left\" class=\"vc_custom_heading vc_do_custom_heading\" >Diversi\u00f3n familiar sin parar en Hualapai Point<\/h6><div class=\"divider-wrap\" style=\"opacity: 0.32;\" data-alignment=\"default\"><div style=\"margin-top: 12px; height: 1px; margin-bottom: 12px;\" data-width=\"100%\" data-animate=\"yes\" data-animation-delay=\"\" data-color=\"extra-color-1\" class=\"divider-border\"><\/div><\/div>\n<div class=\"wpb_text_column wpb_content_element\" >\n\t<div class=\"wpb_wrapper\">\n\t\t<p>Ad\u00e9ntrate en la experiencia Arcade en Hualapai Point, donde la diversi\u00f3n no tiene l\u00edmites. Con una mezcla de cl\u00e1sicos nost\u00e1lgicos y favoritos modernos, este es el lugar perfecto para que las familias se relajen y disfruten de una competencia amistosa.<\/p>\n\t<\/div>\n<\/div>\n\n\n\n\n\t\t<\/div> \n\t<\/div>\n\t<\/div> \n<\/div><\/div>\n\t\t\t<\/div> \n\t\t<\/div>\n\t<\/div> \n\n\t<div style=\"\" class=\"vc_col-sm-6 wpb_column column_container vc_column_container col no-extra-padding inherit_tablet inherit_phone\" data-using-bg=\"true\" data-padding-pos=\"all\" data-has-bg-color=\"false\" data-bg-color=\"\" data-bg-opacity=\"1\" data-animation=\"\" data-delay=\"0\" >\n\t\t<div class=\"vc_column-inner\" ><div class=\"column-image-bg-wrap column-bg-layer viewport-desktop\" data-bg-pos=\"center center\" data-bg-animation=\"none\" data-bg-overlay=\"false\"><div class=\"inner-wrap\"><div class=\"column-image-bg\" style=\" background-image: url('https:\/\/grandcanyonwest.com\/wp-content\/uploads\/2025\/09\/Arcade.jpg'); \"><\/div><\/div><\/div>\n\t\t\t<div class=\"wpb_wrapper\">\n\t\t\t\t<div class=\"divider-wrap height_tablet_320px\" data-alignment=\"default\"><div style=\"height: 540px;\" class=\"divider\"><\/div><\/div>\n\t\t\t<\/div> \n\t\t<\/div>\n\t<\/div> \n<\/div><\/div>\n\t\t<div id=\"fws_69d298bec31b6\"  data-column-margin=\"default\" data-midnight=\"dark\"  class=\"wpb_row vc_row-fluid vc_row full-width-section parallax_section\"  style=\"padding-top: 56px; padding-bottom: 56px; \"><div class=\"row-bg-wrap\" data-bg-animation=\"none\" data-bg-animation-delay=\"\" data-bg-overlay=\"true\"><div class=\"inner-wrap row-bg-layer\" ><div class=\"row-bg viewport-desktop\" data-parallax-speed=\"medium_fast\" style=\"\"><\/div><\/div><div class=\"row-bg-overlay row-bg-layer\" style=\"background-color:transparent;  opacity: 1; \"><\/div><\/div><div class=\"row_col_wrap_12 col span_12 dark left\">\n\t<div  class=\"vc_col-sm-12 wpb_column column_container vc_column_container col no-extra-padding inherit_tablet inherit_phone\"  data-padding-pos=\"all\" data-has-bg-color=\"false\" data-bg-color=\"\" data-bg-opacity=\"1\" data-animation=\"\" data-delay=\"0\" >\n\t\t<div class=\"vc_column-inner\" >\n\t\t\t<div class=\"wpb_wrapper\">\n\t\t\t\t<div id=\"fws_69d298bec3360\" data-midnight=\"\" data-column-margin=\"80px\" class=\"wpb_row vc_row-fluid vc_row inner_row vc_row-o-equal-height vc_row-flex vc_row-o-content-middle translate_x_0px\"  style=\"\"><div class=\"row-bg-wrap\"> <div class=\"row-bg\" ><\/div> <\/div><div class=\"row_col_wrap_12_inner col span_12  left\">\n\t<div  class=\"vc_col-sm-6 wpb_column column_container vc_column_container col child_column\"   data-border-radius=\"10px\" data-padding-pos=\"all\" data-has-bg-color=\"false\" data-bg-color=\"\" data-bg-opacity=\"0.7\" data-animation=\"\" data-delay=\"0\" >\n\t\t<div class=\"vc_column-inner\" >\n\t\t<div class=\"wpb_wrapper\">\n\t\t\t<div class=\"divider-wrap\" data-alignment=\"default\"><div style=\"margin-top: 20px; height: 1px; margin-bottom: 20px;\" data-width=\"100%\" data-animate=\"yes\" data-animation-delay=\"\" data-color=\"extra-color-1\" class=\"divider-border\"><\/div><\/div>\n<div class=\"wpb_text_column wpb_content_element  vc_custom_1766178723497\" >\n\t<div class=\"wpb_wrapper\">\n\t\t<h4>Qu\u00e9 esperar<\/h4>\n\t<\/div>\n<\/div>\n\n\n\n<div class=\"nectar-fancy-ul\" data-list-icon=\"icon-salient-check\" data-animation=\"false\" data-animation-delay=\"0\" data-color=\"extra-color-1\" data-spacing=\"15px\" data-alignment=\"left\"> \n<ul class=\"dark\">\n<li class=\"&#091;&amp;&gt;p&#093;:inline\">Una gran variedad de videojuegos, desde cl\u00e1sicos de la vieja escuela hasta los favoritos m\u00e1s novedosos.<\/li>\n<li class=\"&#091;&amp;&gt;p&#093;:inline\">Un ambiente animado dise\u00f1ado para jugadores de todas las edades.<\/li>\n<\/ul>\n <\/div><div class=\"divider-wrap\" data-alignment=\"default\"><div style=\"margin-top: 20px; height: 1px; margin-bottom: 20px;\" data-width=\"100%\" data-animate=\"yes\" data-animation-delay=\"\" data-color=\"extra-color-1\" class=\"divider-border\"><\/div><\/div>\n<div class=\"wpb_text_column wpb_content_element  vc_custom_1766178762256\" >\n\t<div class=\"wpb_wrapper\">\n\t\t<h4>Detalles importantes<\/h4>\n\t<\/div>\n<\/div>\n\n\n\n<div class=\"nectar-fancy-ul\" data-list-icon=\"icon-salient-check\" data-animation=\"false\" data-animation-delay=\"0\" data-color=\"extra-color-1\" data-spacing=\"15px\" data-alignment=\"left\"> \n<ul class=\"dark\">\n<li class=\"&#091;&amp;&gt;p&#093;:inline\">La experiencia Arcade se encuentra en Hualapai Point.<\/li>\n<li class=\"&#091;&amp;&gt;p&#093;:inline\">El acceso solo es v\u00e1lido en la fecha de su escaneo de admisi\u00f3n.<\/li>\n<li class=\"&#091;&amp;&gt;p&#093;:inline\">La disponibilidad es limitada y la experiencia no est\u00e1 garantizada.<\/li>\n<\/ul>\n <\/div>\n\t\t<\/div> \n\t<\/div>\n\t<\/div> \n\n\t<div style=\" color: #FFFAE5;\" class=\"vc_col-sm-6 wpb_column column_container vc_column_container col child_column left_padding_desktop_24px top_padding_desktop_24px right_padding_desktop_24px bottom_padding_desktop_24px\" data-cfc=\"true\" data-using-bg=\"true\" data-border-radius=\"10px\" data-border-animation=\"\" data-border-animation-delay=\"\" data-border-width=\"1px\" data-border-style=\"solid\" data-border-color=\"#CE9334\" data-overlay-color=\"true\" data-padding-pos=\"all\" data-has-bg-color=\"true\" data-bg-color=\"#110709\" data-bg-opacity=\"1\" data-animation=\"\" data-delay=\"0\" >\n\t\t<div class=\"vc_column-inner\" style=\"border: 1px solid #CE9334;\"><div class=\"column-bg-overlay-wrap column-bg-layer\" data-bg-animation=\"none\"><div class=\"column-bg-overlay\" style=\"opacity: 1; background-color: #110709;\"><\/div><div class=\"column-overlay-layer\" style=\"background: #CE933440; background: linear-gradient(135deg,#CE933440 0%,#CE933400 100%);  opacity: 1; \"><\/div><\/div>\n\t\t<div class=\"wpb_wrapper\">\n\t\t\t<h6 style=\"color: #FFFAE5;text-align: left\" class=\"vc_custom_heading vc_do_custom_heading\" >\u00a1La mejor relaci\u00f3n calidad-precio! Incluye tirolina.<\/h6><h2 style=\"color: #CE9334;line-height: 28px;text-align: left\" class=\"vc_custom_heading vc_do_custom_heading\" >Pase de acceso total<\/h2><div class=\"divider-wrap\" data-alignment=\"default\"><div style=\"height: 8px;\" class=\"divider\"><\/div><\/div><h4 style=\"color: #CE9334;text-align: left\" class=\"vc_custom_heading vc_do_custom_heading\" >$99<\/h4><div class=\"nectar-cta  hover_color_FFFAE5 text_hover_color_110709 border_color_FFFAE5 hover_border_color_CE9334 alignment_tablet_default alignment_phone_center display_tablet_inherit display_phone_inherit\" data-color=\"extra-color-1\" data-using-bg=\"true\" data-style=\"text-reveal-wave\" data-display=\"block\" data-alignment=\"left\" data-text-color=\"custom\" style=\"margin-top: 32px; margin-bottom: 32px; \"><span style=\"color: #110709;\" class=\"nectar-button-type\"><span class=\"link_wrap\" style=\"padding-top: 0.8em; padding-right: 2.2em; padding-bottom: 0.8em; padding-left: 2.2em;\"><a target=\"_blank\" class=\"link_text\" aria-label=\"Comprar pase de acceso total\" role=\"button\" href=\"https:\/\/tickets.grandcanyonwest.com\/webstore\/shop\/viewItems.aspx?cg=GCW&#038;c=AAP&#038;_gl=1*17crdi1*_gcl_au*MTQyNzk0OTAyNy4xNzU5OTU2MjA2*_ga*MjkwMTgwMzc3LjE3NDQxMzQyNTA.*_ga_XDW2049E9H*czE3NjYwMDcxMDkkbzkyJGcxJHQxNzY2MDA3MTE5JGo1MCRsMSRoOTYzMTQ4MDgw\"><span class=\"text\"><span class=\"char\">B<\/span><span class=\"char\">u<\/span><span class=\"char\">y<\/span> <span class=\"char\">A<\/span><span class=\"char\">l<\/span><span class=\"char\">l<\/span><span class=\"char\">-<\/span><span class=\"char\">A<\/span><span class=\"char\">c<\/span><span class=\"char\">c<\/span><span class=\"char\">e<\/span><span class=\"char\">s<\/span><span class=\"char\">s<\/span> <span class=\"char\">P<\/span><span class=\"char\">a<\/span><span class=\"char\">s<\/span><span class=\"char\">s<\/span><\/span><\/a><\/span><\/span><\/div><div class=\"divider-wrap\" style=\"opacity: 0.32;\" data-alignment=\"default\"><div style=\"margin-top: 12px; height: 1px; margin-bottom: 12px;\" data-width=\"100%\" data-animate=\"yes\" data-animation-delay=\"\" data-color=\"extra-color-1\" class=\"divider-border\"><\/div><\/div><div class=\"nectar-fancy-ul\" data-list-icon=\"icon-salient-check\" data-animation=\"false\" data-animation-delay=\"0\" data-color=\"extra-color-1\" data-spacing=\"15px\" data-alignment=\"left\"> \n<ul>\n<li>Pasarela elevada<\/li>\n<li>Tirolina<\/li>\n<li>Visitas guiadas y exposiciones de la tribu Hualapai<\/li>\n<li>Actuaciones de canciones y bailes ind\u00edgenas<\/li>\n<li>Arcade ilimitado<\/li>\n<li>$10 Descuento en comidas <span style=\"font-size: 10px;\">(con la compra de un m\u00ednimo de $20 de comida por persona en determinados establecimientos)<\/span><\/li>\n<li>$10 Descuento en productos <span style=\"font-size: 10px;\">(con la compra m\u00ednima de 1 art\u00edculo de merchandising TP4T20 por persona)<\/span><\/li>\n<li>Rutas de senderismo<\/li>\n<li>Servicio de transporte desde y hacia todos los puntos<\/li>\n<\/ul>\n <\/div><div class=\"divider-wrap\" style=\"opacity: 0.32;\" data-alignment=\"default\"><div style=\"margin-top: 12px; height: 1px; margin-bottom: 12px;\" data-width=\"100%\" data-animate=\"yes\" data-animation-delay=\"\" data-color=\"extra-color-1\" class=\"divider-border\"><\/div><\/div>\n\t\t<\/div> \n\t<\/div>\n\t<\/div> \n<\/div><\/div>\n\t\t\t<\/div> \n\t\t<\/div>\n\t<\/div> \n<\/div><\/div>\n\t\t<div id=\"fws_69d298bec3b9d\"  data-column-margin=\"none\" data-midnight=\"dark\"  class=\"wpb_row vc_row-fluid vc_row full-width-content vc_row-o-equal-height vc_row-flex vc_row-o-content-middle\" data-using-ctc=\"true\" style=\"padding-top: 0px; padding-bottom: 0px; color: #FFFAE5; \"><div class=\"row-bg-wrap\" data-bg-animation=\"none\" data-bg-animation-delay=\"\" data-bg-overlay=\"false\"><div class=\"inner-wrap row-bg-layer\" ><div class=\"row-bg viewport-desktop using-bg-color\"  style=\"background-color: #110709; \"><\/div><\/div><\/div><div class=\"row_col_wrap_12 col span_12 custom left\">\n\t<div style=\"\" class=\"vc_col-sm-6 wpb_column column_container vc_column_container col padding-5-percent el_spacing_5px inherit_tablet inherit_phone\" data-using-bg=\"true\" data-overlay-color=\"true\" data-bg-cover=\"true\" data-padding-pos=\"all\" data-has-bg-color=\"false\" data-bg-color=\"\" data-bg-opacity=\"1\" data-animation=\"\" data-delay=\"0\" >\n\t\t<div class=\"vc_column-inner\" ><div class=\"column-image-bg-wrap column-bg-layer viewport-desktop\" data-n-parallax-bg=\"true\" data-parallax-speed=\"very_subtle\" data-bg-pos=\"center center\" data-bg-animation=\"none\" data-bg-overlay=\"true\"><div class=\"inner-wrap\"><div class=\"column-image-bg parallax-layer\" style=\" background-image: url('https:\/\/grandcanyonwest.com\/wp-content\/uploads\/2025\/08\/airplane-grand-canyon-west.jpg'); \"><\/div><\/div><\/div><div class=\"column-bg-overlay-wrap column-bg-layer\" data-bg-animation=\"none\"><div class=\"column-bg-overlay\"><\/div><div class=\"column-overlay-layer\" style=\"background: rgba(0,0,0,0.62); background: radial-gradient(50% 50% at 50% 50%,rgba(0,0,0,0.62) 0%,#11070980 100%);  opacity: 0.95; \"><\/div><\/div>\n\t\t\t<div class=\"wpb_wrapper\">\n\t\t\t\t<div class=\"divider-wrap height_tablet_96px\" data-alignment=\"default\"><div style=\"height: 160px;\" class=\"divider\"><\/div><\/div><div id=\"fws_69d298bec409e\" data-midnight=\"\" data-column-margin=\"default\" class=\"wpb_row vc_row-fluid vc_row inner_row\"  style=\"\"><div class=\"row-bg-wrap\"> <div class=\"row-bg\" ><\/div> <\/div><div class=\"row_col_wrap_12_inner col span_12  left\">\n\t<div  class=\"vc_col-sm-12 wpb_column column_container vc_column_container col child_column has-animation no-extra-padding el_spacing_0px inherit_tablet inherit_phone\"   data-padding-pos=\"all\" data-has-bg-color=\"false\" data-bg-color=\"\" data-bg-opacity=\"1\" data-animation=\"fade-in-from-bottom\" data-delay=\"0\" >\n\t\t<div class=\"vc_column-inner\" >\n\t\t<div class=\"wpb_wrapper\">\n\t\t\t<div class=\"nectar-highlighted-text font_size_56px font_line_height_-9\" data-style=\"text_outline\" data-outline-thickness=\"extra_thick\" data-user-color=\"true\" style=\"color: #FFFAE5;\" data-using-custom-color=\"false\" data-animation-delay=\"false\" data-color=\"\" data-color-gradient=\"\"><h2 style=\"text-align: center\">Avi\u00f3n <em>Excursiones<\/em><\/h2>\n<\/div><div class=\"nectar-cta  alignment_tablet_default alignment_phone_default display_tablet_inherit display_phone_inherit\" data-color=\"default\" data-using-bg=\"false\" data-display=\"block\" data-style=\"underline\" data-alignment=\"center\" data-text-color=\"custom\" ><span style=\"color: #FFFAE5;\" class=\"nectar-button-type\"> <span class=\"link_wrap\" ><a  class=\"link_text\" style=\"border-color: #FFFAE5;\" role=\"button\" href=\"\/es\/cosas-que-hacer\/excursiones-en-avion\/\">M\u00e1s informaci\u00f3n<\/a><\/span><\/span><\/div>\n\t\t<\/div> \n\t<\/div>\n\t<\/div> \n<\/div><\/div><div class=\"divider-wrap height_tablet_96px\" data-alignment=\"default\"><div style=\"height: 160px;\" class=\"divider\"><\/div><\/div>\n\t\t\t<\/div> \n\t\t<\/div>\n\t<\/div> \n\n\t<div style=\"\" class=\"vc_col-sm-6 wpb_column column_container vc_column_container col padding-5-percent el_spacing_5px inherit_tablet inherit_phone\" data-using-bg=\"true\" data-overlay-color=\"true\" data-bg-cover=\"true\" data-padding-pos=\"all\" data-has-bg-color=\"false\" data-bg-color=\"\" data-bg-opacity=\"1\" data-animation=\"\" data-delay=\"0\" >\n\t\t<div class=\"vc_column-inner\" ><div class=\"column-image-bg-wrap column-bg-layer viewport-desktop\" data-n-parallax-bg=\"true\" data-parallax-speed=\"fast\" data-bg-pos=\"center center\" data-bg-animation=\"none\" data-bg-overlay=\"true\"><div class=\"inner-wrap\"><div class=\"column-image-bg parallax-layer\" style=\" background-image: url('https:\/\/grandcanyonwest.com\/wp-content\/uploads\/2025\/09\/Shopping.jpg'); \"><\/div><\/div><\/div><div class=\"column-bg-overlay-wrap column-bg-layer\" data-bg-animation=\"none\"><div class=\"column-bg-overlay\"><\/div><div class=\"column-overlay-layer\" style=\"background: rgba(0,0,0,0.72); background: radial-gradient(50% 50% at 50% 50%,rgba(0,0,0,0.72) 0%,#0000008F 100%);  opacity: 1; \"><\/div><\/div>\n\t\t\t<div class=\"wpb_wrapper\">\n\t\t\t\t<div class=\"divider-wrap height_tablet_96px\" data-alignment=\"default\"><div style=\"height: 160px;\" class=\"divider\"><\/div><\/div><div id=\"fws_69d298bec48ea\" data-midnight=\"\" data-column-margin=\"default\" class=\"wpb_row vc_row-fluid vc_row inner_row\"  style=\"\"><div class=\"row-bg-wrap\"> <div class=\"row-bg\" ><\/div> <\/div><div class=\"row_col_wrap_12_inner col span_12  left\">\n\t<div  class=\"vc_col-sm-12 wpb_column column_container vc_column_container col child_column has-animation no-extra-padding el_spacing_0px inherit_tablet inherit_phone\"   data-padding-pos=\"all\" data-has-bg-color=\"false\" data-bg-color=\"\" data-bg-opacity=\"1\" data-animation=\"fade-in-from-bottom\" data-delay=\"200\" >\n\t\t<div class=\"vc_column-inner\" >\n\t\t<div class=\"wpb_wrapper\">\n\t\t\t<div class=\"nectar-highlighted-text font_size_56px font_line_height_-9\" data-style=\"text_outline\" data-outline-thickness=\"extra_thick\" data-user-color=\"true\" style=\"color: #FFFAE5;\" data-using-custom-color=\"false\" data-animation-delay=\"false\" data-color=\"\" data-color-gradient=\"\"><h2 style=\"text-align: center\"><em>Compras<\/em><\/h2>\n<\/div><div class=\"nectar-cta  alignment_tablet_default alignment_phone_default display_tablet_inherit display_phone_inherit\" data-color=\"default\" data-using-bg=\"false\" data-display=\"block\" data-style=\"underline\" data-alignment=\"center\" data-text-color=\"custom\" ><span style=\"color: #FFFAE5;\" class=\"nectar-button-type\"> <span class=\"link_wrap\" ><a  class=\"link_text\" style=\"border-color: #FFFAE5;\" role=\"button\" href=\"\/es\/cosas-que-hacer\/compras\/\">M\u00e1s informaci\u00f3n<\/a><\/span><\/span><\/div>\n\t\t<\/div> \n\t<\/div>\n\t<\/div> \n<\/div><\/div><div class=\"divider-wrap height_tablet_96px\" data-alignment=\"default\"><div style=\"height: 160px;\" class=\"divider\"><\/div><\/div>\n\t\t\t<\/div> \n\t\t<\/div>\n\t<\/div> \n<\/div><\/div>","protected":false},"excerpt":{"rendered":"Arcade\u00a0Experience Nonstop Family Fun at Hualapai Point Step into the Arcade Experience at Hualapai Point, where fun knows no limits. Featuring a mix of nostalgic classics and modern favorites, this...","protected":false},"author":9,"featured_media":0,"parent":4848,"menu_order":6,"comment_status":"closed","ping_status":"closed","template":"","meta":{"footnotes":""},"class_list":["post-5157","page","type-page","status-publish"],"_links":{"self":[{"href":"https:\/\/grandcanyonwest.com\/es\/wp-json\/wp\/v2\/pages\/5157","targetHints":{"allow":["GET"]}}],"collection":[{"href":"https:\/\/grandcanyonwest.com\/es\/wp-json\/wp\/v2\/pages"}],"about":[{"href":"https:\/\/grandcanyonwest.com\/es\/wp-json\/wp\/v2\/types\/page"}],"author":[{"embeddable":true,"href":"https:\/\/grandcanyonwest.com\/es\/wp-json\/wp\/v2\/users\/9"}],"replies":[{"embeddable":true,"href":"https:\/\/grandcanyonwest.com\/es\/wp-json\/wp\/v2\/comments?post=5157"}],"version-history":[{"count":0,"href":"https:\/\/grandcanyonwest.com\/es\/wp-json\/wp\/v2\/pages\/5157\/revisions"}],"up":[{"embeddable":true,"href":"https:\/\/grandcanyonwest.com\/es\/wp-json\/wp\/v2\/pages\/4848"}],"wp:attachment":[{"href":"https:\/\/grandcanyonwest.com\/es\/wp-json\/wp\/v2\/media?parent=5157"}],"curies":[{"name":"wp","href":"https:\/\/api.w.org\/{rel}","templated":true}]}}