{"id":5162,"date":"2025-12-19T22:07:06","date_gmt":"2025-12-19T22:07:06","guid":{"rendered":"https:\/\/gcwdev.wpenginepowered.com\/?page_id=5162"},"modified":"2026-01-14T23:01:24","modified_gmt":"2026-01-14T23:01:24","slug":"medios-de-comunicacion","status":"publish","type":"page","link":"https:\/\/grandcanyonwest.com\/es\/media\/","title":{"rendered":"Medios de comunicaci\u00f3n"},"content":{"rendered":"<div id=\"fws_69f0d9896625d\"  data-column-margin=\"none\" data-midnight=\"dark\"  class=\"wpb_row vc_row-fluid vc_row full-width-content vc_row-o-equal-height vc_row-flex vc_row-o-content-middle parallax_section reverse_columns_column_tablet top_padding_tablet_40px\" data-using-ctc=\"true\" style=\"padding-top: 48px; padding-bottom: 0px; color: #FFFAE5; \"><div class=\"row-bg-wrap\" data-bg-animation=\"none\" data-bg-animation-delay=\"\" data-bg-overlay=\"true\"><div class=\"inner-wrap row-bg-layer\" ><div class=\"row-bg viewport-desktop using-bg-color\" data-parallax-speed=\"medium_fast\" style=\"background-color: #110709; \"><\/div><\/div><div class=\"row-bg-overlay row-bg-layer\" style=\"background-color:#110709;  opacity: 0.5; \"><\/div><\/div><div class=\"row_col_wrap_12 col span_12 custom left\">\n\t<div  class=\"vc_col-sm-6 wpb_column column_container vc_column_container col left_padding_desktop_48px left_padding_tablet_32px top_padding_desktop_32px right_padding_desktop_48px right_padding_tablet_32px bottom_padding_desktop_32px\"  data-padding-pos=\"all\" data-has-bg-color=\"false\" data-bg-color=\"\" data-bg-opacity=\"1\" data-animation=\"\" data-delay=\"0\" >\n\t\t<div class=\"vc_column-inner\" >\n\t\t\t<div class=\"wpb_wrapper\">\n\t\t\t\t<div id=\"fws_69f0d98966883\" data-midnight=\"\" data-column-margin=\"none\" class=\"wpb_row vc_row-fluid vc_row inner_row  translate_x_0px\"  style=\"\"><div class=\"row-bg-wrap\"> <div class=\"row-bg\" ><\/div> <\/div><div class=\"row_col_wrap_12_inner col span_12  left\">\n\t<div  class=\"vc_col-sm-12 wpb_column column_container vc_column_container col child_column no-extra-padding inherit_tablet inherit_phone\"   data-padding-pos=\"all\" data-has-bg-color=\"false\" data-bg-color=\"\" data-bg-opacity=\"1\" data-animation=\"\" data-delay=\"0\" >\n\t\t<div class=\"vc_column-inner\" >\n\t\t<div class=\"wpb_wrapper\">\n\t\t\t<div class=\"nectar-highlighted-text\" data-style=\"text_outline\" data-outline-thickness=\"extra_thick\" data-user-color=\"true\" style=\"color: #CE9334;\" data-using-custom-color=\"false\" data-animation-delay=\"false\" data-color=\"\" data-color-gradient=\"\"><h1>Medios de comunicaci\u00f3n\u00a0<em>Recursos<\/em><\/h1>\n<\/div><h6 style=\"color: #CE9334;text-align: left\" class=\"vc_custom_heading vc_do_custom_heading\" >\u00bfEs usted representante de los medios de comunicaci\u00f3n y desea explorar todo lo que Grand Canyon West tiene para ofrecer? Nuestro equipo est\u00e1 listo para ayudarle con su pr\u00f3ximo proyecto.<\/h6><div class=\"divider-wrap\" style=\"opacity: 0.32;\" data-alignment=\"default\"><div style=\"margin-top: 12px; height: 1px; margin-bottom: 12px;\" data-width=\"100%\" data-animate=\"yes\" data-animation-delay=\"\" data-color=\"extra-color-1\" class=\"divider-border\"><\/div><\/div>\n<div class=\"wpb_text_column wpb_content_element\" >\n\t<div class=\"wpb_wrapper\">\n\t\t<p>Situado a solo dos horas de Las Vegas, en el borde oeste del ca\u00f1\u00f3n, Grand Canyon West ofrece experiencias \u00fanicas para disfrutar de una de las siete maravillas naturales del mundo por tierra, aire y agua. La propiedad se encuentra en la reserva ind\u00edgena Hualapai y es propiedad y est\u00e1 gestionada por la tribu Hualapai.<\/p>\n\t<\/div>\n<\/div>\n\n\n\n\n\t\t<\/div> \n\t<\/div>\n\t<\/div> \n<\/div><\/div>\n\t\t\t<\/div> \n\t\t<\/div>\n\t<\/div> \n\n\t<div style=\"\" class=\"vc_col-sm-6 wpb_column column_container vc_column_container col no-extra-padding inherit_tablet inherit_phone\" data-using-bg=\"true\" data-padding-pos=\"all\" data-has-bg-color=\"false\" data-bg-color=\"\" data-bg-opacity=\"1\" data-animation=\"\" data-delay=\"0\" >\n\t\t<div class=\"vc_column-inner\" ><div class=\"column-image-bg-wrap column-bg-layer viewport-desktop\" data-bg-pos=\"center top\" data-bg-animation=\"none\" data-bg-overlay=\"false\"><div class=\"inner-wrap\"><div class=\"column-image-bg\" style=\" background-image: url('https:\/\/grandcanyonwest.com\/wp-content\/uploads\/2025\/12\/Hualapai-Tribe-Grand-Canyon-West8.jpg'); \"><\/div><\/div><\/div>\n\t\t\t<div class=\"wpb_wrapper\">\n\t\t\t\t<div class=\"divider-wrap height_tablet_320px\" data-alignment=\"default\"><div style=\"height: 540px;\" class=\"divider\"><\/div><\/div>\n\t\t\t<\/div> \n\t\t<\/div>\n\t<\/div> \n<\/div><\/div>\n\t\t<div id=\"tour-operators\"  data-column-margin=\"default\" data-midnight=\"dark\"  class=\"wpb_row vc_row-fluid vc_row full-width-section parallax_section\"  style=\"padding-top: 56px; padding-bottom: 0px; \"><div class=\"row-bg-wrap\" data-bg-animation=\"none\" data-bg-animation-delay=\"\" data-bg-overlay=\"true\"><div class=\"inner-wrap row-bg-layer\" ><div class=\"row-bg viewport-desktop\" data-parallax-speed=\"medium_fast\" style=\"\"><\/div><\/div><div class=\"row-bg-overlay row-bg-layer\" style=\"background-color:transparent;  opacity: 1; \"><\/div><\/div><div class=\"row_col_wrap_12 col span_12 dark left\">\n\t<div  class=\"vc_col-sm-12 wpb_column column_container vc_column_container col no-extra-padding inherit_tablet inherit_phone\"  data-padding-pos=\"all\" data-has-bg-color=\"false\" data-bg-color=\"\" data-bg-opacity=\"1\" data-animation=\"\" data-delay=\"0\" >\n\t\t<div class=\"vc_column-inner\" >\n\t\t\t<div class=\"wpb_wrapper\">\n\t\t\t\t\n<div class=\"wpb_text_column wpb_content_element\" >\n\t<div class=\"wpb_wrapper\">\n\t\t<p><strong>Los visitantes pueden disfrutar de unas vistas inolvidables en el Grand Canyon Skywalk, un puente de cristal en forma de herradura de 3 metros de ancho que se extiende 21 metros sobre el borde del Gran Ca\u00f1\u00f3n, lo que les permite ver claramente los 1200 metros que hay hasta el fondo del ca\u00f1\u00f3n. Otras experiencias incluyen hacer rafting en el r\u00edo Colorado con Hualapai River Runners, lanzarse en tirolina en el Gran Ca\u00f1\u00f3n Oeste y explorar las exposiciones sobre la cultura ind\u00edgena. Para disfrutar de unas vistas a\u00e9reas a\u00fan m\u00e1s espectaculares, los visitantes pueden sobrevolar el ca\u00f1\u00f3n en un tour en helic\u00f3ptero y contemplarlo a vista de p\u00e1jaro. Hay disponibles diversas experiencias con entrada, incluidas ofertas especiales de temporada.<\/strong><\/p>\n<p>Los servicios disponibles incluyen viajes de prensa, acceso a fotos y videos, ideas para reportajes, entrevistas, verificaci\u00f3n de datos y mucho m\u00e1s.<\/p>\n<p>Para cualquier consulta relacionada con los medios de comunicaci\u00f3n, p\u00f3ngase en contacto con <a href=\"mailto:pr@grandcanyonresort.com\">pr@grandcanyonresort.com<\/a>.<\/p>\n\t<\/div>\n<\/div>\n\n\n\n<div class=\"divider-wrap\" style=\"opacity: 0.32;\" data-alignment=\"default\"><div style=\"margin-top: 65px; height: 1px; margin-bottom: 65px;\" data-width=\"100%\" data-animate=\"yes\" data-animation-delay=\"\" data-color=\"accent-color\" class=\"divider-border\"><\/div><\/div>\n\t\t\t<\/div> \n\t\t<\/div>\n\t<\/div> \n<\/div><\/div>\n\t\t<div id=\"group-sales\"  data-column-margin=\"default\" data-midnight=\"dark\"  class=\"wpb_row vc_row-fluid vc_row full-width-section parallax_section\"  style=\"padding-top: 0px; padding-bottom: 56px; \"><div class=\"row-bg-wrap\" data-bg-animation=\"none\" data-bg-animation-delay=\"\" data-bg-overlay=\"true\"><div class=\"inner-wrap row-bg-layer\" ><div class=\"row-bg viewport-desktop\" data-parallax-speed=\"medium_fast\" style=\"\"><\/div><\/div><div class=\"row-bg-overlay row-bg-layer\" style=\"background-color:transparent;  opacity: 1; \"><\/div><\/div><div class=\"row_col_wrap_12 col span_12 dark left\">\n\t<div  class=\"vc_col-sm-12 wpb_column column_container vc_column_container col no-extra-padding inherit_tablet inherit_phone\"  data-padding-pos=\"all\" data-has-bg-color=\"false\" data-bg-color=\"\" data-bg-opacity=\"1\" data-animation=\"\" data-delay=\"0\" >\n\t\t<div class=\"vc_column-inner\" >\n\t\t\t<div class=\"wpb_wrapper\">\n\t\t\t\t<div class=\"nectar-highlighted-text font_size_4vw font_line_height_-9\" data-style=\"text_outline\" data-outline-thickness=\"extra_thick\" data-user-color=\"true\" style=\"color: #110709;\" data-using-custom-color=\"false\" data-animation-delay=\"false\" data-color=\"\" data-color-gradient=\"\"><h2><em>PRENSA <\/em>COMUNICADOS DE PRENSA<\/h2>\n<\/div>\n<div class=\"wpb_text_column wpb_content_element\" >\n\t<div class=\"wpb_wrapper\">\n\t\t<p>Consulte las noticias y novedades de Grand Canyon West explorando nuestros comunicados de prensa anteriores. Para obtener la informaci\u00f3n m\u00e1s actualizada, p\u00f3ngase en contacto con nuestro equipo a trav\u00e9s de\u00a0<a href=\"mailto:pr@grandcanyonresort.com\">pr@grandcanyonresort.com<\/a> o (928) 227-2519.<\/p>\n\t<\/div>\n<\/div>\n\n\n\n<div class=\"divider-wrap\" style=\"opacity: 0.32;\" data-alignment=\"default\"><div style=\"height: 32px;\" class=\"divider\"><\/div><\/div><div id=\"fws_69f0d9896823d\" data-midnight=\"\" data-column-margin=\"default\" class=\"wpb_row vc_row-fluid vc_row inner_row\"  style=\"\"><div class=\"row-bg-wrap\"> <div class=\"row-bg\" ><\/div> <\/div><div class=\"row_col_wrap_12_inner col span_12  left\">\n\t<div  class=\"vc_col-sm-6 wpb_column column_container vc_column_container col child_column no-extra-padding inherit_tablet inherit_phone\"   data-padding-pos=\"all\" data-has-bg-color=\"false\" data-bg-color=\"\" data-bg-opacity=\"1\" data-animation=\"\" data-delay=\"0\" >\n\t\t<div class=\"vc_column-inner\" >\n\t\t<div class=\"wpb_wrapper\">\n\t\t\t\n<div class=\"wpb_text_column wpb_content_element\" >\n\t<div class=\"wpb_wrapper\">\n\t\t<h4>2022<\/h4>\n\t<\/div>\n<\/div>\n\n\n\n\n<div class=\"wpb_text_column wpb_content_element\" >\n\t<div class=\"wpb_wrapper\">\n\t\t<p><a href=\"\/wp-content\/uploads\/2025\/12\/GCW_Anniversary-Release.pdf\">El Gran Ca\u00f1\u00f3n Oeste celebra el 15.\u00ba aniversario del Skywalk<\/a>\u00a0\u2013 Marzo de 2022<\/p>\n\t<\/div>\n<\/div>\n\n\n\n\n<div class=\"wpb_text_column wpb_content_element\" >\n\t<div class=\"wpb_wrapper\">\n\t\t<h4>2021<\/h4>\n\t<\/div>\n<\/div>\n\n\n\n\n<div class=\"wpb_text_column wpb_content_element\" >\n\t<div class=\"wpb_wrapper\">\n\t\t<p><a href=\"\/wp-content\/uploads\/2025\/12\/GCW_Summer-Release.pdf\">El Gran Ca\u00f1\u00f3n del Oeste da la bienvenida a los visitantes de verano con paquetes tur\u00edsticos<\/a>\u00a0\u2013 Mayo de 2021<\/p>\n\t<\/div>\n<\/div>\n\n\n\n\n\t\t<\/div> \n\t<\/div>\n\t<\/div> \n\n\t<div  class=\"vc_col-sm-6 wpb_column column_container vc_column_container col child_column no-extra-padding inherit_tablet inherit_phone\"   data-padding-pos=\"all\" data-has-bg-color=\"false\" data-bg-color=\"\" data-bg-opacity=\"1\" data-animation=\"\" data-delay=\"0\" >\n\t\t<div class=\"vc_column-inner\" >\n\t\t<div class=\"wpb_wrapper\">\n\t\t\t\n<div class=\"wpb_text_column wpb_content_element\" >\n\t<div class=\"wpb_wrapper\">\n\t\t<h4>2020<\/h4>\n\t<\/div>\n<\/div>\n\n\n\n\n<div class=\"wpb_text_column wpb_content_element\" >\n\t<div class=\"wpb_wrapper\">\n\t\t<p><a href=\"\/wp-content\/uploads\/2025\/12\/News-Release-Papillon-and-GCW-pontoon-tours.pdf\" target=\"_blank\" rel=\"noreferrer noopener\">Grand Canyon West y Papillon dan la bienvenida al regreso de los vuelos en helic\u00f3ptero con recorridos en pont\u00f3n.<\/a>\u00a0\u2013 Noviembre de 2020<\/p>\n<p><a href=\"\/wp-content\/uploads\/2025\/12\/InterimCEOAnnouncement_V1.pdf\">Ruby Steele asumir\u00e1 el cargo de directora ejecutiva interina de Grand Canyon Resort Corporation.<\/a>\u00a0\u2013 Agosto de 2020<\/p>\n<p><a href=\"https:\/\/www.newswire.com\/news\/grand-canyon-west-extends-free-general-admission-offer-for-frontline-21156109?_ga=2.36336928.1499667888.1591827757-1668395930.1590422176\" target=\"_blank\" rel=\"noreferrer noopener\">Grand Canyon West ampl\u00eda la oferta de entrada general gratuita para Front<\/a><a href=\"https:\/\/www.newswire.com\/news\/grand-canyon-west-extends-free-general-admission-offer-for-frontline-21156109?_ga=2.36336928.1499667888.1591827757-1668395930.1590422176\" target=\"_blank\" rel=\"noreferrer noopener\">\u2013<\/a><a href=\"https:\/\/www.newswire.com\/news\/grand-canyon-west-extends-free-general-admission-offer-for-frontline-21156109?_ga=2.36336928.1499667888.1591827757-1668395930.1590422176\" target=\"_blank\" rel=\"noreferrer noopener\">Trabajadores de l\u00ednea hasta el 15 de junio<\/a>\u00a0\u2013 Junio de 2020<\/p>\n<p><a href=\"https:\/\/www.newswire.com\/news\/hualapai-river-runners-to-relaunch-grand-canyon-whitewater-rafting-on-21152694?_ga=2.24862394.1499667888.1591827757-1668395930.1590422176\" target=\"_blank\" rel=\"noreferrer noopener\">Hualapai River Runners reanudar\u00e1 el rafting en aguas bravas en el Gran Ca\u00f1\u00f3n el 8 de junio y anuncia nuevos tours y alquiler de equipo.\u00a0<\/a>\u2013 Junio de 2020<\/p>\n<p><a href=\"\/wp-content\/uploads\/2025\/12\/Grand-Canyon-West-Rolls-Out-Rigorous-Health.pdf\" target=\"_blank\" rel=\"noreferrer noopener\">Grand Canyon West presenta un riguroso plan de salud y seguridad para su reapertura el 1 de junio<\/a>\u00a0\u2013 Mayo de 2020<\/p>\n<p><a href=\"\/wp-content\/uploads\/2025\/12\/Grand-Canyon-Skywalk-Celebrates-10th-Million-Visitor-All-Time.pdf\" target=\"_blank\" rel=\"noreferrer noopener\">El Grand Canyon Skywalk celebra los 10 millones de visitantes<\/a>\u00a0\u2013 Enero de 2020<\/p>\n\t<\/div>\n<\/div>\n\n\n\n\n<div class=\"wpb_text_column wpb_content_element\" >\n\t<div class=\"wpb_wrapper\">\n\t\t<h4>2019<\/h4>\n\t<\/div>\n<\/div>\n\n\n\n\n<div class=\"wpb_text_column wpb_content_element\" >\n\t<div class=\"wpb_wrapper\">\n\t\t<p><a href=\"\/wp-content\/uploads\/2025\/12\/Grand-Canyon-Stargazing.docx\" target=\"_blank\" rel=\"noreferrer noopener\">Hualapai River Runners anuncia una nueva excursi\u00f3n: Observaci\u00f3n de estrellas en el Gran Ca\u00f1\u00f3n<\/a>\u00a0\u2013 Octubre de 2019<\/p>\n<p><a href=\"\/wp-content\/uploads\/2025\/12\/Sky-View-Restaurant.docx\" target=\"_blank\" rel=\"noreferrer noopener\">El Gran Ca\u00f1\u00f3n Oeste incorpora el restaurante Sky View<\/a>\u00a0\u2013 Septiembre de 2019<\/p>\n\t<\/div>\n<\/div>\n\n\n\n\n\t\t<\/div> \n\t<\/div>\n\t<\/div> \n<\/div><\/div><div class=\"divider-wrap\" style=\"opacity: 0.32;\" data-alignment=\"default\"><div style=\"margin-top: 65px; height: 1px; margin-bottom: 65px;\" data-width=\"100%\" data-animate=\"yes\" data-animation-delay=\"\" data-color=\"accent-color\" class=\"divider-border\"><\/div><\/div>\n\t\t\t<\/div> \n\t\t<\/div>\n\t<\/div> \n<\/div><\/div>\n\t\t<div id=\"group-sales\"  data-column-margin=\"default\" data-midnight=\"dark\"  class=\"wpb_row vc_row-fluid vc_row full-width-section parallax_section\"  style=\"padding-top: 0px; padding-bottom: 56px; \"><div class=\"row-bg-wrap\" data-bg-animation=\"none\" data-bg-animation-delay=\"\" data-bg-overlay=\"true\"><div class=\"inner-wrap row-bg-layer\" ><div class=\"row-bg viewport-desktop\" data-parallax-speed=\"medium_fast\" style=\"\"><\/div><\/div><div class=\"row-bg-overlay row-bg-layer\" style=\"background-color:transparent;  opacity: 1; \"><\/div><\/div><div class=\"row_col_wrap_12 col span_12 dark left\">\n\t<div  class=\"vc_col-sm-12 wpb_column column_container vc_column_container col no-extra-padding inherit_tablet inherit_phone\"  data-padding-pos=\"all\" data-has-bg-color=\"false\" data-bg-color=\"\" data-bg-opacity=\"1\" data-animation=\"\" data-delay=\"0\" >\n\t\t<div class=\"vc_column-inner\" >\n\t\t\t<div class=\"wpb_wrapper\">\n\t\t\t\t<div class=\"nectar-highlighted-text font_size_4vw font_line_height_-9\" data-style=\"text_outline\" data-outline-thickness=\"extra_thick\" data-user-color=\"true\" style=\"color: #110709;\" data-using-custom-color=\"false\" data-animation-delay=\"false\" data-color=\"\" data-color-gradient=\"\"><h2>GRAN CA\u00d1\u00d3N OESTE<strong>\u00a0<\/strong><em>HECHOS<\/em><\/h2>\n<\/div>\n<div class=\"wpb_text_column wpb_content_element\" >\n\t<div class=\"wpb_wrapper\">\n\t\t<p>Si tienes un sitio web, seguidores en redes sociales, un blog o cualquier otra presencia en l\u00ednea y te gustar\u00eda ganar un dinero extra simplemente por recomendar a otras personas a trav\u00e9s de nuestro canal de afiliados, ponte en contacto con nosotros.<\/p>\n\t<\/div>\n<\/div>\n\n\n\n<div class=\"divider-wrap\" style=\"opacity: 0.32;\" data-alignment=\"default\"><div style=\"height: 32px;\" class=\"divider\"><\/div><\/div><div id=\"fws_69f0d98969199\" data-midnight=\"\" data-column-margin=\"default\" class=\"wpb_row vc_row-fluid vc_row inner_row\"  style=\"\"><div class=\"row-bg-wrap\"> <div class=\"row-bg\" ><\/div> <\/div><div class=\"row_col_wrap_12_inner col span_12  left\">\n\t<div  class=\"vc_col-sm-6 wpb_column column_container vc_column_container col child_column no-extra-padding inherit_tablet inherit_phone\"   data-padding-pos=\"all\" data-has-bg-color=\"false\" data-bg-color=\"\" data-bg-opacity=\"1\" data-animation=\"\" data-delay=\"0\" >\n\t\t<div class=\"vc_column-inner\" >\n\t\t<div class=\"wpb_wrapper\">\n\t\t\t\n<div class=\"wpb_text_column wpb_content_element\" >\n\t<div class=\"wpb_wrapper\">\n\t\t<h4>Tribu Hualapai<\/h4>\n\t<\/div>\n<\/div>\n\n\n\n<div class=\"nectar-fancy-ul\" data-list-icon=\"icon-salient-check\" data-animation=\"false\" data-animation-delay=\"0\" data-color=\"extra-color-1\" data-spacing=\"15px\" data-alignment=\"left\"> \n<ul>\n<li>Desde 2007, el Skywalk del Gran Ca\u00f1\u00f3n Oeste ha recibido a m\u00e1s de 10 millones de visitantes.<\/li>\n<li>El Skywalk es un puente de cristal en voladizo con forma de herradura de 3 metros de ancho que se extiende 21 metros sobre el borde del Gran Ca\u00f1\u00f3n, ofreciendo una vista clara de 1200 metros hasta el fondo del ca\u00f1\u00f3n.<\/li>\n<li>El Skywalk es lo suficientemente resistente como para soportar el peso de setenta aviones 747 de pasajeros completamente cargados.<strong>\u00a0<\/strong><\/li>\n<li>La terminal principal de Skywalk incluye exposiciones sobre la tribu Hualapai y la historia de los nativos americanos, as\u00ed como el restaurante Sky View.<\/li>\n<\/ul>\n <\/div><div class=\"divider-wrap\" style=\"opacity: 0.32;\" data-alignment=\"default\"><div style=\"margin-top: 30px; height: 1px; margin-bottom: 30px;\" data-width=\"100%\" data-animate=\"yes\" data-animation-delay=\"\" data-color=\"extra-color-1\" class=\"divider-border\"><\/div><\/div>\n<div class=\"wpb_text_column wpb_content_element\" >\n\t<div class=\"wpb_wrapper\">\n\t\t<h4>Punta del \u00c1guila<\/h4>\n\t<\/div>\n<\/div>\n\n\n\n<div class=\"nectar-fancy-ul\" data-list-icon=\"icon-salient-check\" data-animation=\"false\" data-animation-delay=\"0\" data-color=\"extra-color-1\" data-spacing=\"15px\" data-alignment=\"left\"> \n<ul>\n<li>En Eagle Point, los visitantes encontrar\u00e1n el Skywalk, el restaurante Sky View y la visita autoguiada a la aldea ind\u00edgena americana.<\/li>\n<li>Los hu\u00e9spedes pueden disfrutar de los sonidos musicales y los bailes m\u00e1gicos de la tribu Hualapai en el anfiteatro al aire libre de Eagle Point. (Las fechas y horarios de las actuaciones var\u00edan).<\/li>\n<\/ul>\n <\/div><div class=\"divider-wrap\" style=\"opacity: 0.32;\" data-alignment=\"default\"><div style=\"margin-top: 30px; height: 1px; margin-bottom: 30px;\" data-width=\"100%\" data-animate=\"yes\" data-animation-delay=\"\" data-color=\"extra-color-1\" class=\"divider-border\"><\/div><\/div>\n<div class=\"wpb_text_column wpb_content_element\" >\n\t<div class=\"wpb_wrapper\">\n\t\t<h4>Tirolina<\/h4>\n\t<\/div>\n<\/div>\n\n\n\n<div class=\"nectar-fancy-ul\" data-list-icon=\"icon-salient-check\" data-animation=\"false\" data-animation-delay=\"0\" data-color=\"extra-color-1\" data-spacing=\"15px\" data-alignment=\"left\"> \n<ul>\n<li>Alcanza velocidades de hasta 65 km\/h en una tirolina de 975 metros mientras sobrevuelas a 150 metros sobre el suelo de un espectacular ca\u00f1\u00f3n lateral.<\/li>\n<\/ul>\n <\/div><div class=\"divider-wrap\" style=\"opacity: 0.32;\" data-alignment=\"default\"><div style=\"margin-top: 30px; height: 1px; margin-bottom: 30px;\" data-width=\"100%\" data-animate=\"yes\" data-animation-delay=\"\" data-color=\"extra-color-1\" class=\"divider-border\"><\/div><\/div>\n<div class=\"wpb_text_column wpb_content_element\" >\n\t<div class=\"wpb_wrapper\">\n\t\t<h4>Alojamiento<\/h4>\n\t<\/div>\n<\/div>\n\n\n\n<div class=\"nectar-fancy-ul\" data-list-icon=\"icon-salient-check\" data-animation=\"false\" data-animation-delay=\"0\" data-color=\"extra-color-1\" data-spacing=\"15px\" data-alignment=\"left\"> \n<ul>\n<li>Grand Canyon West ofrece caba\u00f1as en renta cerca de la terminal principal de Skywalk.<\/li>\n<li>Hay estacionamiento para autocaravanas disponible en Grand Canyon West (sin conexiones).<\/li>\n<li>El Hualapai Lodge, situado en la Ruta 66, es el campamento base de las excursiones de rafting de Hualapai River Runners.<\/li>\n<\/ul>\n <\/div>\n\t\t<\/div> \n\t<\/div>\n\t<\/div> \n\n\t<div  class=\"vc_col-sm-6 wpb_column column_container vc_column_container col child_column no-extra-padding inherit_tablet inherit_phone\"   data-padding-pos=\"all\" data-has-bg-color=\"false\" data-bg-color=\"\" data-bg-opacity=\"1\" data-animation=\"\" data-delay=\"0\" >\n\t\t<div class=\"vc_column-inner\" >\n\t\t<div class=\"wpb_wrapper\">\n\t\t\t\n<div class=\"wpb_text_column wpb_content_element\" >\n\t<div class=\"wpb_wrapper\">\n\t\t<h4>Pasarela elevada<\/h4>\n\t<\/div>\n<\/div>\n\n\n\n<div class=\"nectar-fancy-ul\" data-list-icon=\"icon-salient-check\" data-animation=\"false\" data-animation-delay=\"0\" data-color=\"extra-color-1\" data-spacing=\"15px\" data-alignment=\"left\"> \n<ul>\n<li>Desde 2007, el Skywalk del Gran Ca\u00f1\u00f3n Oeste ha recibido a m\u00e1s de 10 millones de visitantes.<\/li>\n<li>El Skywalk es un puente de cristal en voladizo con forma de herradura de 3 metros de ancho que se extiende 21 metros sobre el borde del Gran Ca\u00f1\u00f3n, ofreciendo una vista clara de 1200 metros hasta el fondo del ca\u00f1\u00f3n.<\/li>\n<li>El Skywalk es lo suficientemente resistente como para soportar el peso de setenta aviones 747 de pasajeros completamente cargados.<strong>\u00a0<\/strong><\/li>\n<li>La terminal principal de Skywalk incluye exposiciones sobre la tribu Hualapai y la historia de los nativos americanos, as\u00ed como el restaurante Sky View.<\/li>\n<\/ul>\n <\/div><div class=\"divider-wrap\" style=\"opacity: 0.32;\" data-alignment=\"default\"><div style=\"margin-top: 30px; height: 1px; margin-bottom: 30px;\" data-width=\"100%\" data-animate=\"yes\" data-animation-delay=\"\" data-color=\"extra-color-1\" class=\"divider-border\"><\/div><\/div>\n<div class=\"wpb_text_column wpb_content_element\" >\n\t<div class=\"wpb_wrapper\">\n\t\t<h4>Punta Guano<\/h4>\n\t<\/div>\n<\/div>\n\n\n\n<div class=\"nectar-fancy-ul\" data-list-icon=\"icon-salient-check\" data-animation=\"false\" data-animation-delay=\"0\" data-color=\"extra-color-1\" data-spacing=\"15px\" data-alignment=\"left\"> \n<ul>\n<li>Guano Point ofrece unas impresionantes vistas de 360 grados del Gran Ca\u00f1\u00f3n.<\/li>\n<li>Se llama Guano Point debido al descubrimiento de una cueva de guano en la d\u00e9cada de 1930.<\/li>\n<li>Durante 20 a\u00f1os, los mineros utilizaron el telef\u00e9rico para cruzar el r\u00edo, que tiene una longitud de 2,3 km y un desnivel de 762 m.<\/li>\n<li>Un avi\u00f3n de combate de la Fuerza A\u00e9rea de los Estados Unidos se estrell\u00f3 contra el sistema de cables a\u00e9reos y dej\u00f3 el telef\u00e9rico fuera de servicio de forma permanente.<\/li>\n<li>Los restos de la cabina de control del telef\u00e9rico que en su d\u00eda se extend\u00eda a lo largo de 2,7 km sobre el ca\u00f1\u00f3n hasta la mina de guano se encuentran en Guano Point.<\/li>\n<\/ul>\n <\/div><div class=\"divider-wrap\" style=\"opacity: 0.32;\" data-alignment=\"default\"><div style=\"margin-top: 30px; height: 1px; margin-bottom: 30px;\" data-width=\"100%\" data-animate=\"yes\" data-animation-delay=\"\" data-color=\"extra-color-1\" class=\"divider-border\"><\/div><\/div>\n<div class=\"wpb_text_column wpb_content_element\" >\n\t<div class=\"wpb_wrapper\">\n\t\t<h4>Rafting en aguas bravas en Colorado con Hualapai River Runners<\/h4>\n\t<\/div>\n<\/div>\n\n\n\n<div class=\"nectar-fancy-ul\" data-list-icon=\"icon-salient-check\" data-animation=\"false\" data-animation-delay=\"0\" data-color=\"extra-color-1\" data-spacing=\"15px\" data-alignment=\"left\"> \n<ul>\n<li>Hualapai River Runners ofrece excursiones de rafting en aguas bravas de uno y dos d\u00edas.<\/li>\n<li>El \u00fanico lugar donde se puede practicar rafting en aguas bravas por el r\u00edo Colorado durante un d\u00eda es con Hualapai River Runners.<\/li>\n<li>Las excursiones de rafting en aguas bravas incluyen emocionantes r\u00e1pidos, senderismo en Travertine Cavern Falls y almuerzo a orillas del r\u00edo.<\/li>\n<li>Los gu\u00edas certificados del r\u00edo Hualapai comparten informaci\u00f3n sobre la cultura de la tribu Hualapai y su conexi\u00f3n con el r\u00edo Colorado.<\/li>\n<\/ul>\n <\/div>\n\t\t<\/div> \n\t<\/div>\n\t<\/div> \n<\/div><\/div>\n\t\t\t<\/div> \n\t\t<\/div>\n\t<\/div> \n<\/div><\/div>","protected":false},"excerpt":{"rendered":"Media\u00a0Resources Are you a media representative looking to explore all that Grand Canyon West has to offer? Our team is ready to assist with your next project. Located just two...","protected":false},"author":9,"featured_media":0,"parent":0,"menu_order":8,"comment_status":"closed","ping_status":"closed","template":"","meta":{"footnotes":""},"class_list":["post-5162","page","type-page","status-publish"],"_links":{"self":[{"href":"https:\/\/grandcanyonwest.com\/es\/wp-json\/wp\/v2\/pages\/5162","targetHints":{"allow":["GET"]}}],"collection":[{"href":"https:\/\/grandcanyonwest.com\/es\/wp-json\/wp\/v2\/pages"}],"about":[{"href":"https:\/\/grandcanyonwest.com\/es\/wp-json\/wp\/v2\/types\/page"}],"author":[{"embeddable":true,"href":"https:\/\/grandcanyonwest.com\/es\/wp-json\/wp\/v2\/users\/9"}],"replies":[{"embeddable":true,"href":"https:\/\/grandcanyonwest.com\/es\/wp-json\/wp\/v2\/comments?post=5162"}],"version-history":[{"count":0,"href":"https:\/\/grandcanyonwest.com\/es\/wp-json\/wp\/v2\/pages\/5162\/revisions"}],"wp:attachment":[{"href":"https:\/\/grandcanyonwest.com\/es\/wp-json\/wp\/v2\/media?parent=5162"}],"curies":[{"name":"wp","href":"https:\/\/api.w.org\/{rel}","templated":true}]}}