{"id":5154,"date":"2025-12-19T17:22:56","date_gmt":"2025-12-19T17:22:56","guid":{"rendered":"https:\/\/gcwdev.wpenginepowered.com\/?page_id=5154"},"modified":"2026-01-14T22:40:43","modified_gmt":"2026-01-14T22:40:43","slug":"tours-de-ponton-en-helicoptere","status":"publish","type":"page","link":"https:\/\/grandcanyonwest.com\/fr\/things-to-do\/helicopter-pontoon-tours\/","title":{"rendered":"Tours en h\u00e9licopt\u00e8re et en ponton"},"content":{"rendered":"<div id=\"fws_69d26df499d76\"  data-column-margin=\"none\" data-midnight=\"dark\"  class=\"wpb_row vc_row-fluid vc_row full-width-content vc_row-o-equal-height vc_row-flex vc_row-o-content-middle parallax_section reverse_columns_column_tablet top_padding_tablet_40px\" data-using-ctc=\"true\" style=\"padding-top: 48px; padding-bottom: 0px; color: #FFFAE5; \"><div class=\"row-bg-wrap\" data-bg-animation=\"none\" data-bg-animation-delay=\"\" data-bg-overlay=\"true\"><div class=\"inner-wrap row-bg-layer\" ><div class=\"row-bg viewport-desktop using-bg-color\" data-parallax-speed=\"medium_fast\" style=\"background-color: #110709; \"><\/div><\/div><div class=\"row-bg-overlay row-bg-layer\" style=\"background-color:#110709;  opacity: 0.5; \"><\/div><\/div><div class=\"row_col_wrap_12 col span_12 custom left\">\n\t<div  class=\"vc_col-sm-6 wpb_column column_container vc_column_container col left_padding_desktop_48px left_padding_tablet_32px top_padding_desktop_32px right_padding_desktop_48px right_padding_tablet_32px bottom_padding_desktop_32px\"  data-padding-pos=\"all\" data-has-bg-color=\"false\" data-bg-color=\"\" data-bg-opacity=\"1\" data-animation=\"\" data-delay=\"0\" >\n\t\t<div class=\"vc_column-inner\" >\n\t\t\t<div class=\"wpb_wrapper\">\n\t\t\t\t<div id=\"fws_69d26df49a1de\" data-midnight=\"\" data-column-margin=\"none\" class=\"wpb_row vc_row-fluid vc_row inner_row  translate_x_0px\"  style=\"\"><div class=\"row-bg-wrap\"> <div class=\"row-bg\" ><\/div> <\/div><div class=\"row_col_wrap_12_inner col span_12  left\">\n\t<div  class=\"vc_col-sm-12 wpb_column column_container vc_column_container col child_column no-extra-padding inherit_tablet inherit_phone\"   data-padding-pos=\"all\" data-has-bg-color=\"false\" data-bg-color=\"\" data-bg-opacity=\"1\" data-animation=\"\" data-delay=\"0\" >\n\t\t<div class=\"vc_column-inner\" >\n\t\t<div class=\"wpb_wrapper\">\n\t\t\t<div class=\"nectar-highlighted-text\" data-style=\"text_outline\" data-outline-thickness=\"extra_thick\" data-user-color=\"true\" style=\"color: #CE9334;\" data-using-custom-color=\"false\" data-animation-delay=\"false\" data-color=\"\" data-color-gradient=\"\"><h1><em>H\u00e9licopt\u00e8re et ponton <\/em>Les visites guid\u00e9es<\/h1>\n<\/div><h6 style=\"color: #CE9334;text-align: left\" class=\"vc_custom_heading vc_do_custom_heading\" >Voir le Grand Canyon depuis le ciel.<\/h6><div class=\"divider-wrap\" style=\"opacity: 0.32;\" data-alignment=\"default\"><div style=\"margin-top: 12px; height: 1px; margin-bottom: 12px;\" data-width=\"100%\" data-animate=\"yes\" data-animation-delay=\"\" data-color=\"extra-color-1\" class=\"divider-border\"><\/div><\/div>\n<div class=\"wpb_text_column wpb_content_element\" >\n\t<div class=\"wpb_wrapper\">\n\t\t<p>La meilleure fa\u00e7on de d\u00e9couvrir le Grand Canyon n'est pas de s'aventurer dans ses profondeurs, mais de le survoler. Au Grand Canyon West, nos tours d'h\u00e9licopt\u00e8re \u00e0 sensations fortes offrent des vues in\u00e9gal\u00e9es des falaises escarp\u00e9es, des plateaux spectaculaires et du fleuve Colorado qui serpente. C'est votre chance de voir l'une des plus grandes merveilles naturelles du monde d'une toute nouvelle perspective.<\/p>\n\t<\/div>\n<\/div>\n\n\n\n\n\t\t<\/div> \n\t<\/div>\n\t<\/div> \n<\/div><\/div>\n\t\t\t<\/div> \n\t\t<\/div>\n\t<\/div> \n\n\t<div style=\"\" class=\"vc_col-sm-6 wpb_column column_container vc_column_container col no-extra-padding inherit_tablet inherit_phone\" data-using-bg=\"true\" data-padding-pos=\"all\" data-has-bg-color=\"false\" data-bg-color=\"\" data-bg-opacity=\"1\" data-animation=\"\" data-delay=\"0\" >\n\t\t<div class=\"vc_column-inner\" ><div class=\"column-image-bg-wrap column-bg-layer viewport-desktop\" data-bg-pos=\"center top\" data-bg-animation=\"none\" data-bg-overlay=\"false\"><div class=\"inner-wrap\"><div class=\"column-image-bg\" style=\" background-image: url('https:\/\/grandcanyonwest.com\/wp-content\/uploads\/2026\/01\/grand-canyon-west-trip-planner-helicopter-tour-pr-0421-1024x683-1.jpg'); \"><\/div><\/div><\/div>\n\t\t\t<div class=\"wpb_wrapper\">\n\t\t\t\t<div class=\"divider-wrap height_tablet_320px\" data-alignment=\"default\"><div style=\"height: 540px;\" class=\"divider\"><\/div><\/div>\n\t\t\t<\/div> \n\t\t<\/div>\n\t<\/div> \n<\/div><\/div>\n\t\t<div id=\"fws_69d26df49ac4d\"  data-column-margin=\"default\" data-midnight=\"dark\"  class=\"wpb_row vc_row-fluid vc_row full-width-section parallax_section\"  style=\"padding-top: 56px; padding-bottom: 56px; \"><div class=\"row-bg-wrap\" data-bg-animation=\"none\" data-bg-animation-delay=\"\" data-bg-overlay=\"true\"><div class=\"inner-wrap row-bg-layer\" ><div class=\"row-bg viewport-desktop\" data-parallax-speed=\"medium_fast\" style=\"\"><\/div><\/div><div class=\"row-bg-overlay row-bg-layer\" style=\"background-color:transparent;  opacity: 1; \"><\/div><\/div><div class=\"row_col_wrap_12 col span_12 dark left\">\n\t<div  class=\"vc_col-sm-12 wpb_column column_container vc_column_container col no-extra-padding inherit_tablet inherit_phone\"  data-padding-pos=\"all\" data-has-bg-color=\"false\" data-bg-color=\"\" data-bg-opacity=\"1\" data-animation=\"\" data-delay=\"0\" >\n\t\t<div class=\"vc_column-inner\" >\n\t\t\t<div class=\"wpb_wrapper\">\n\t\t\t\t<div id=\"fws_69d26df49ad64\" data-midnight=\"\" data-column-margin=\"80px\" class=\"wpb_row vc_row-fluid vc_row inner_row vc_row-o-equal-height vc_row-flex vc_row-o-content-middle translate_x_0px\"  style=\"\"><div class=\"row-bg-wrap\"> <div class=\"row-bg\" ><\/div> <\/div><div class=\"row_col_wrap_12_inner col span_12  left\">\n\t<div  class=\"vc_col-sm-6 wpb_column column_container vc_column_container col child_column\"   data-border-radius=\"10px\" data-padding-pos=\"all\" data-has-bg-color=\"false\" data-bg-color=\"\" data-bg-opacity=\"0.7\" data-animation=\"\" data-delay=\"0\" >\n\t\t<div class=\"vc_column-inner\" >\n\t\t<div class=\"wpb_wrapper\">\n\t\t\t<div class=\"divider-wrap\" data-alignment=\"default\"><div style=\"margin-top: 20px; height: 1px; margin-bottom: 20px;\" data-width=\"100%\" data-animate=\"yes\" data-animation-delay=\"\" data-color=\"extra-color-1\" class=\"divider-border\"><\/div><\/div>\n<div class=\"wpb_text_column wpb_content_element  vc_custom_1766164656415\" >\n\t<div class=\"wpb_wrapper\">\n\t\t<h4>S'envoler au-dessus d'un chef-d'\u0153uvre naturel<\/h4>\n\t<\/div>\n<\/div>\n\n\n\n\n<div class=\"wpb_text_column wpb_content_element\" >\n\t<div class=\"wpb_wrapper\">\n\t\t<p class=\"text-sm\">Peu d'exp\u00e9riences sont comparables au survol du Grand Canyon. Nos tours en h\u00e9licopt\u00e8re, organis\u00e9s par la tribu Hualapai, offrent des vues \u00e0 couper le souffle sur les sites les plus impressionnants du West Rim.<\/p>\n<p class=\"text-sm\">Envolez-vous au-dessus des vastes plateaux, des parois abruptes des canyons et de l'\u00e9tincelant fleuve Colorado. Votre billet comprend un laissez-passer VIP pour le Skywalk Bridge, o\u00f9 vous pouvez marcher sur du verre \u00e0 4 000 pieds au-dessus du fond du canyon. Pour encore plus d'aventure, ajoutez une promenade en ponton le long du fleuve Colorado pour voir de pr\u00e8s les parois du canyon.<\/p>\n<p class=\"text-sm\">Avec de grandes fen\u00eatres pour une vue optimale, chaque passager est aux premi\u00e8res loges de ce voyage inoubliable. La r\u00e9servation est rapide et facile - r\u00e9servez votre place d\u00e8s aujourd'hui !<\/p>\n\t<\/div>\n<\/div>\n\n\n\n<div class=\"divider-wrap\" data-alignment=\"default\"><div style=\"margin-top: 20px; height: 1px; margin-bottom: 20px;\" data-width=\"100%\" data-animate=\"yes\" data-animation-delay=\"\" data-color=\"extra-color-1\" class=\"divider-border\"><\/div><\/div>\n<div class=\"wpb_text_column wpb_content_element  vc_custom_1766163478438\" >\n\t<div class=\"wpb_wrapper\">\n\t\t<h4>Ce qu'il faut apporter<\/h4>\n\t<\/div>\n<\/div>\n\n\n\n<div class=\"nectar-fancy-ul\" data-list-icon=\"icon-salient-check\" data-animation=\"false\" data-animation-delay=\"0\" data-color=\"extra-color-1\" data-spacing=\"15px\" data-alignment=\"left\"> \n<ul class=\"dark\">\n<li class=\"&#091;&amp;&gt;p&#093;:inline\">Un appareil photo pour immortaliser les vues inoubliables.<\/li>\n<li class=\"&#091;&amp;&gt;p&#093;:inline\">Des v\u00eatements confortables et des chaussures solides.<\/li>\n<li class=\"&#091;&amp;&gt;p&#093;:inline\">V\u00e9rifiez toutes les restrictions d'\u00e2ge et de poids avant de r\u00e9server.<\/li>\n<\/ul>\n <\/div>\n\t\t<\/div> \n\t<\/div>\n\t<\/div> \n\n\t<div style=\" color: #110709;\" class=\"vc_col-sm-6 wpb_column column_container vc_column_container col child_column left_padding_desktop_24px top_padding_desktop_24px right_padding_desktop_24px bottom_padding_desktop_24px\" data-cfc=\"true\" data-using-bg=\"true\" data-border-radius=\"10px\" data-overlay-color=\"true\" data-padding-pos=\"all\" data-has-bg-color=\"true\" data-bg-color=\"#FADB97\" data-bg-opacity=\"1\" data-animation=\"\" data-delay=\"0\" >\n\t\t<div class=\"vc_column-inner\" ><div class=\"column-bg-overlay-wrap column-bg-layer\" data-bg-animation=\"none\"><div class=\"column-bg-overlay\" style=\"opacity: 1; background-color: #FADB97;\"><\/div><div class=\"column-overlay-layer\" style=\"background: #CE933440; background: linear-gradient(135deg,#CE933440 0%,#CE933400 100%);  opacity: 1; \"><\/div><\/div>\n\t\t<div class=\"wpb_wrapper\">\n\t\t\t<div class=\"img-with-aniamtion-wrap\" data-max-width=\"100%\" data-max-width-mobile=\"default\" data-border-radius=\"10px\" data-shadow=\"none\" data-animation=\"none\"  style=\"margin-bottom: 24px; \">\n      <div class=\"inner\">\n        <div class=\"hover-wrap\"> \n          <div class=\"hover-wrap-inner\">\n            <img loading=\"lazy\" decoding=\"async\" class=\"img-with-animation skip-lazy\" data-delay=\"0\" height=\"400\" width=\"600\" data-animation=\"none\" src=\"https:\/\/grandcanyonwest.com\/wp-content\/uploads\/2025\/08\/helicopter-tours-600x400-1.jpg\" alt=\"Excursions en h\u00e9licopt\u00e8re au Grand Canyon West.\" srcset=\"https:\/\/grandcanyonwest.com\/wp-content\/uploads\/2025\/08\/helicopter-tours-600x400-1.jpg 600w, https:\/\/grandcanyonwest.com\/wp-content\/uploads\/2025\/08\/helicopter-tours-600x400-1-300x200.jpg 300w\" sizes=\"auto, (max-width: 600px) 100vw, 600px\" \/>\n          <\/div>\n        <\/div>\n      <\/div>\n    <\/div><h2 style=\"font-size: 28px;color: #110709;line-height: 28px;text-align: left\" class=\"vc_custom_heading vc_do_custom_heading\" >Forfait h\u00e9licopt\u00e8re-ponton<\/h2><div class=\"divider-wrap\" style=\"opacity: 0.32;\" data-alignment=\"default\"><div style=\"margin-top: 12px; height: 1px; margin-bottom: 12px;\" data-width=\"100%\" data-animate=\"yes\" data-animation-delay=\"\" data-color=\"extra-color-1\" class=\"divider-border\"><\/div><\/div><div class=\"nectar-fancy-ul\" data-list-icon=\"icon-salient-check\" data-animation=\"false\" data-animation-delay=\"0\" data-color=\"extra-color-1\" data-spacing=\"default\" data-alignment=\"left\"> \n<ul class=\"dark\">\n<li><strong>Comprend un laissez-passer illimit\u00e9<\/strong><\/li>\n<li>Vol en h\u00e9licopt\u00e8re \u00e0 3 500 pieds (aller-retour) jusqu'au fond du Canyon<\/li>\n<li>Promenade en bateau sur le fleuve Colorado avec narration<\/li>\n<li>Dur\u00e9e totale du vol estim\u00e9e \u00e0 15 minutes<\/li>\n<li>Dur\u00e9e du bateau estim\u00e9e \u00e0 15 minutes<\/li>\n<li>Dur\u00e9e totale de la visite estim\u00e9e \u00e0 45 minutes<\/li>\n<li>L'enregistrement se fait au terminal des h\u00e9licopt\u00e8res, \u00e0 c\u00f4t\u00e9 du terminal 1 (bulle blanche) au Grand Canyon West.<\/li>\n<li>Enregistrement 1 heure avant l'heure pr\u00e9vue du vol<\/li>\n<\/ul>\n <\/div><div class=\"divider-wrap\" style=\"opacity: 0.32;\" data-alignment=\"default\"><div style=\"margin-top: 12px; height: 1px; margin-bottom: 12px;\" data-width=\"100%\" data-animate=\"yes\" data-animation-delay=\"\" data-color=\"extra-color-1\" class=\"divider-border\"><\/div><\/div><h4 style=\"color: #110709;text-align: left\" class=\"vc_custom_heading vc_do_custom_heading\" >$418 par personne<\/h4><div class=\"nectar-cta  hover_color_CE9334 text_hover_color_110709 border_color_FFFAE5 hover_border_color_FFFAE5 alignment_tablet_default alignment_phone_center display_tablet_inherit display_phone_inherit\" data-color=\"accent-color\" data-using-bg=\"true\" data-style=\"text-reveal-wave\" data-display=\"block\" data-alignment=\"left\" data-text-color=\"custom\" style=\"margin-top: 32px; \"><span style=\"color: #FFFAE5;\" class=\"nectar-button-type\"><span class=\"link_wrap\" style=\"padding-top: 0.8em; padding-right: 2.2em; padding-bottom: 0.8em; padding-left: 2.2em;\"><a target=\"_blank\" class=\"link_text\" aria-label=\"Acheter des billets\" role=\"button\" href=\"https:\/\/tickets.grandcanyonwest.com\/webstore\/shop\/viewItems.aspx?cg=GCW&#038;c=AAPH&#038;_gl=1*zzsn3o*_gcl_au*MTQyNzk0OTAyNy4xNzU5OTU2MjA2*_ga*MjkwMTgwMzc3LjE3NDQxMzQyNTA.*_ga_XDW2049E9H*czE3NjYwMDcxMDkkbzkyJGcxJHQxNzY2MDA3MTM0JGozNSRsMSRoOTYzMTQ4MDgw\"><span class=\"text\"><span class=\"char\">B<\/span><span class=\"char\">u<\/span><span class=\"char\">y<\/span> <span class=\"char\">T<\/span><span class=\"char\">i<\/span><span class=\"char\">c<\/span><span class=\"char\">k<\/span><span class=\"char\">e<\/span><span class=\"char\">t<\/span><span class=\"char\">s<\/span><\/span><\/a><\/span><\/span><\/div>\n\t\t<\/div> \n\t<\/div>\n\t<\/div> \n<\/div><\/div>\n\t\t\t<\/div> \n\t\t<\/div>\n\t<\/div> \n<\/div><\/div>\n\t\t<div id=\"fws_69d26df49b986\"  data-column-margin=\"none\" data-midnight=\"dark\"  class=\"wpb_row vc_row-fluid vc_row full-width-content vc_row-o-equal-height vc_row-flex vc_row-o-content-middle\" data-using-ctc=\"true\" style=\"padding-top: 0px; padding-bottom: 0px; color: #FFFAE5; \"><div class=\"row-bg-wrap\" data-bg-animation=\"none\" data-bg-animation-delay=\"\" data-bg-overlay=\"false\"><div class=\"inner-wrap row-bg-layer\" ><div class=\"row-bg viewport-desktop using-bg-color\"  style=\"background-color: #110709; \"><\/div><\/div><\/div><div class=\"row_col_wrap_12 col span_12 custom left\">\n\t<div style=\"\" class=\"vc_col-sm-6 wpb_column column_container vc_column_container col padding-5-percent el_spacing_5px inherit_tablet inherit_phone\" data-using-bg=\"true\" data-overlay-color=\"true\" data-bg-cover=\"true\" data-padding-pos=\"all\" data-has-bg-color=\"false\" data-bg-color=\"\" data-bg-opacity=\"1\" data-animation=\"\" data-delay=\"0\" >\n\t\t<div class=\"vc_column-inner\" ><div class=\"column-image-bg-wrap column-bg-layer viewport-desktop\" data-n-parallax-bg=\"true\" data-parallax-speed=\"very_subtle\" data-bg-pos=\"center center\" data-bg-animation=\"none\" data-bg-overlay=\"true\"><div class=\"inner-wrap\"><div class=\"column-image-bg parallax-layer\" style=\" background-image: url('https:\/\/grandcanyonwest.com\/wp-content\/uploads\/2025\/09\/Culture-1.jpg'); \"><\/div><\/div><\/div><div class=\"column-bg-overlay-wrap column-bg-layer\" data-bg-animation=\"none\"><div class=\"column-bg-overlay\"><\/div><div class=\"column-overlay-layer\" style=\"background: rgba(0,0,0,0.62); background: radial-gradient(50% 50% at 50% 50%,rgba(0,0,0,0.62) 0%,#11070980 100%);  opacity: 0.95; \"><\/div><\/div>\n\t\t\t<div class=\"wpb_wrapper\">\n\t\t\t\t<div class=\"divider-wrap height_tablet_96px\" data-alignment=\"default\"><div style=\"height: 160px;\" class=\"divider\"><\/div><\/div><div id=\"fws_69d26df49be39\" data-midnight=\"\" data-column-margin=\"default\" class=\"wpb_row vc_row-fluid vc_row inner_row\"  style=\"\"><div class=\"row-bg-wrap\"> <div class=\"row-bg\" ><\/div> <\/div><div class=\"row_col_wrap_12_inner col span_12  left\">\n\t<div  class=\"vc_col-sm-12 wpb_column column_container vc_column_container col child_column has-animation no-extra-padding el_spacing_0px inherit_tablet inherit_phone\"   data-padding-pos=\"all\" data-has-bg-color=\"false\" data-bg-color=\"\" data-bg-opacity=\"1\" data-animation=\"fade-in-from-bottom\" data-delay=\"200\" >\n\t\t<div class=\"vc_column-inner\" >\n\t\t<div class=\"wpb_wrapper\">\n\t\t\t<div class=\"nectar-highlighted-text font_size_56px font_line_height_-9\" data-style=\"text_outline\" data-outline-thickness=\"extra_thick\" data-user-color=\"true\" style=\"color: #FFFAE5;\" data-using-custom-color=\"false\" data-animation-delay=\"false\" data-color=\"\" data-color-gradient=\"\"><h2 style=\"text-align: center\">Hualapai <em>Exp\u00e9riences culturelles<\/em><\/h2>\n<\/div><div class=\"nectar-cta  alignment_tablet_default alignment_phone_default display_tablet_inherit display_phone_inherit\" data-color=\"default\" data-using-bg=\"false\" data-display=\"block\" data-style=\"underline\" data-alignment=\"center\" data-text-color=\"custom\" ><span style=\"color: #FFFAE5;\" class=\"nectar-button-type\"> <span class=\"link_wrap\" ><a  class=\"link_text\" style=\"border-color: #FFFAE5;\" role=\"button\" href=\"\/fr\/choses-a-faire\/hualapai-experiences-grand-canyon-west\/\">En savoir plus<\/a><\/span><\/span><\/div>\n\t\t<\/div> \n\t<\/div>\n\t<\/div> \n<\/div><\/div><div class=\"divider-wrap height_tablet_96px\" data-alignment=\"default\"><div style=\"height: 160px;\" class=\"divider\"><\/div><\/div>\n\t\t\t<\/div> \n\t\t<\/div>\n\t<\/div> \n\n\t<div style=\"\" class=\"vc_col-sm-6 wpb_column column_container vc_column_container col padding-5-percent el_spacing_5px inherit_tablet inherit_phone\" data-using-bg=\"true\" data-overlay-color=\"true\" data-bg-cover=\"true\" data-padding-pos=\"all\" data-has-bg-color=\"false\" data-bg-color=\"\" data-bg-opacity=\"1\" data-animation=\"\" data-delay=\"0\" >\n\t\t<div class=\"vc_column-inner\" ><div class=\"column-image-bg-wrap column-bg-layer viewport-desktop\" data-n-parallax-bg=\"true\" data-parallax-speed=\"fast\" data-bg-pos=\"center center\" data-bg-animation=\"none\" data-bg-overlay=\"true\"><div class=\"inner-wrap\"><div class=\"column-image-bg parallax-layer\" style=\" background-image: url('https:\/\/grandcanyonwest.com\/wp-content\/uploads\/2025\/09\/Plane-Tours.jpg'); \"><\/div><\/div><\/div><div class=\"column-bg-overlay-wrap column-bg-layer\" data-bg-animation=\"none\"><div class=\"column-bg-overlay\"><\/div><div class=\"column-overlay-layer\" style=\"background: rgba(0,0,0,0.72); background: radial-gradient(50% 50% at 50% 50%,rgba(0,0,0,0.72) 0%,#0000008F 100%);  opacity: 1; \"><\/div><\/div>\n\t\t\t<div class=\"wpb_wrapper\">\n\t\t\t\t<div class=\"divider-wrap height_tablet_96px\" data-alignment=\"default\"><div style=\"height: 160px;\" class=\"divider\"><\/div><\/div><div id=\"fws_69d26df49c479\" data-midnight=\"\" data-column-margin=\"default\" class=\"wpb_row vc_row-fluid vc_row inner_row\"  style=\"\"><div class=\"row-bg-wrap\"> <div class=\"row-bg\" ><\/div> <\/div><div class=\"row_col_wrap_12_inner col span_12  left\">\n\t<div  class=\"vc_col-sm-12 wpb_column column_container vc_column_container col child_column has-animation no-extra-padding el_spacing_0px inherit_tablet inherit_phone\"   data-padding-pos=\"all\" data-has-bg-color=\"false\" data-bg-color=\"\" data-bg-opacity=\"1\" data-animation=\"fade-in-from-bottom\" data-delay=\"0\" >\n\t\t<div class=\"vc_column-inner\" >\n\t\t<div class=\"wpb_wrapper\">\n\t\t\t<div class=\"nectar-highlighted-text font_size_56px font_line_height_-9\" data-style=\"text_outline\" data-outline-thickness=\"extra_thick\" data-user-color=\"true\" style=\"color: #FFFAE5;\" data-using-custom-color=\"false\" data-animation-delay=\"false\" data-color=\"\" data-color-gradient=\"\"><h2 style=\"text-align: center\">Avion <em>Les visites guid\u00e9es<\/em><\/h2>\n<\/div><div class=\"nectar-cta  alignment_tablet_default alignment_phone_default display_tablet_inherit display_phone_inherit\" data-color=\"default\" data-using-bg=\"false\" data-display=\"block\" data-style=\"underline\" data-alignment=\"center\" data-text-color=\"custom\" ><span style=\"color: #FFFAE5;\" class=\"nectar-button-type\"> <span class=\"link_wrap\" ><a  class=\"link_text\" style=\"border-color: #FFFAE5;\" role=\"button\" href=\"\/fr\/choses-a-faire\/airplane-tours\/\">En savoir plus<\/a><\/span><\/span><\/div>\n\t\t<\/div> \n\t<\/div>\n\t<\/div> \n<\/div><\/div><div class=\"divider-wrap height_tablet_96px\" data-alignment=\"default\"><div style=\"height: 160px;\" class=\"divider\"><\/div><\/div>\n\t\t\t<\/div> \n\t\t<\/div>\n\t<\/div> \n<\/div><\/div>","protected":false},"excerpt":{"rendered":"Helicopter &amp; Pontoon Tours See the Grand Canyon from the sky. The best way to experience the Grand Canyon isn\u2019t by venturing into its depths\u2014it\u2019s by soaring above it. At...","protected":false},"author":9,"featured_media":0,"parent":4848,"menu_order":4,"comment_status":"closed","ping_status":"closed","template":"","meta":{"footnotes":""},"class_list":["post-5154","page","type-page","status-publish"],"_links":{"self":[{"href":"https:\/\/grandcanyonwest.com\/fr\/wp-json\/wp\/v2\/pages\/5154","targetHints":{"allow":["GET"]}}],"collection":[{"href":"https:\/\/grandcanyonwest.com\/fr\/wp-json\/wp\/v2\/pages"}],"about":[{"href":"https:\/\/grandcanyonwest.com\/fr\/wp-json\/wp\/v2\/types\/page"}],"author":[{"embeddable":true,"href":"https:\/\/grandcanyonwest.com\/fr\/wp-json\/wp\/v2\/users\/9"}],"replies":[{"embeddable":true,"href":"https:\/\/grandcanyonwest.com\/fr\/wp-json\/wp\/v2\/comments?post=5154"}],"version-history":[{"count":0,"href":"https:\/\/grandcanyonwest.com\/fr\/wp-json\/wp\/v2\/pages\/5154\/revisions"}],"up":[{"embeddable":true,"href":"https:\/\/grandcanyonwest.com\/fr\/wp-json\/wp\/v2\/pages\/4848"}],"wp:attachment":[{"href":"https:\/\/grandcanyonwest.com\/fr\/wp-json\/wp\/v2\/media?parent=5154"}],"curies":[{"name":"wp","href":"https:\/\/api.w.org\/{rel}","templated":true}]}}